{"id":1183,"date":"2020-09-07T11:17:56","date_gmt":"2020-09-07T09:17:56","guid":{"rendered":"http:\/\/www.hery.fr\/fr\/?page_id=5"},"modified":"2020-12-24T15:54:16","modified_gmt":"2020-12-24T14:54:16","slug":"laboratoires-hery","status":"publish","type":"page","link":"https:\/\/www.hery.fr\/en\/laboratoires-hery\/","title":{"rendered":"THE HERY LABORATORIES, SPECIALIST IN HYGIENE AND ANIMAL BEAUTY FOR OVER 30 YEARS"},"content":{"rendered":"\r\n<p class=\"intro\"><strong>FOR 40 YEARS, THE H\u00c9RY BRAND HAS BEEN RECOGNIZED AS A SPECIALIST IN HIGH-END HYGIENE AND ANIMAL BEAUTY.<\/strong><\/p>\r\n\r\n<div class=\"cms-block block-left\">\r\n<h2>OUR ENGAGEMENTS<\/h2>\r\n<div class=\"img\"><img loading=\"lazy\" decoding=\"async\" class=\"alignnone size-full wp-image-4427\" src=\"https:\/\/www.hery.fr\/en\/wp-content\/uploads\/sites\/2\/2020\/12\/engagements-en.jpg\" alt=\"\" width=\"539\" height=\"360\" srcset=\"https:\/\/www.hery.fr\/en\/wp-content\/uploads\/sites\/2\/2020\/12\/engagements-en.jpg 539w, https:\/\/www.hery.fr\/en\/wp-content\/uploads\/sites\/2\/2020\/12\/engagements-en-300x200.jpg 300w\" sizes=\"auto, (max-width: 539px) 100vw, 539px\" \/><\/div>\r\n<p>H\u00e9ry hygiene and beauty products are all designed under veterinary supervision. Manufactured in France, in renowned cosmetic laboratories with raw materials of very high quality, they are subject to serious and constant checks.<\/p>\r\n<p>The excellent results obtained after using our products result from our requirement to use very high quality raw materials in our compositions as well as our constant research to use new technologies to improve them.<\/p>\r\n<\/div>\r\n<div class=\"cms-block block-right\">\r\n<h2>RESPECT FOR ANIMALS<\/h2>\r\n<div class=\"img\"><img loading=\"lazy\" decoding=\"async\" class=\"alignnone size-full wp-image-4426\" src=\"https:\/\/www.hery.fr\/en\/wp-content\/uploads\/sites\/2\/2020\/12\/respect-en.jpg\" alt=\"\" width=\"490\" height=\"612\" srcset=\"https:\/\/www.hery.fr\/en\/wp-content\/uploads\/sites\/2\/2020\/12\/respect-en.jpg 490w, https:\/\/www.hery.fr\/en\/wp-content\/uploads\/sites\/2\/2020\/12\/respect-en-240x300.jpg 240w\" sizes=\"auto, (max-width: 490px) 100vw, 490px\" \/><\/div>\r\n<p>In order to protect the animal, H\u00e9ry products are made, without parabens, specifically according to their fur and skin. Thus, the pH and the hydrolipidic film of the animal are respected.<\/p>\r\n<p>DWith an ultra soft composition, they can be used safely and as often as desired on all breeds of dogs or cats. Shampoos and treatments from H\u00e9ry Laboratories ensure high tolerance of the products and minimize the risk of allergies or damage to the hair.<\/p>\r\n<div class=\"bottom\"><img loading=\"lazy\" decoding=\"async\" class=\"alignnone size-full wp-image-4964\" src=\"https:\/\/www.hery.fr\/fr\/wp-content\/uploads\/2020\/12\/hery-labo-gris.png\" alt=\"\" width=\"504\" height=\"302\" \/><\/div>\r\n<\/div>\r\n<!-- \/wp:paragraph -->","protected":false},"excerpt":{"rendered":"<p>FOR 40 YEARS, THE H\u00c9RY BRAND HAS BEEN RECOGNIZED AS A SPECIALIST IN HIGH-END HYGIENE AND ANIMAL BEAUTY. OUR ENGAGEMENTS H\u00e9ry hygiene and beauty products are all designed under veterinary supervision. Manufactured in France, in renowned cosmetic laboratories with raw materials of very high quality, they are subject to serious and constant checks. The excellent [&hellip;]<\/p>\n","protected":false},"author":1,"featured_media":0,"parent":0,"menu_order":1,"comment_status":"closed","ping_status":"closed","template":"","meta":{"footnotes":""},"class_list":["post-1183","page","type-page","status-publish","hentry"],"yoast_head":"<!-- This site is optimized with the Yoast SEO plugin v26.0 - https:\/\/yoast.com\/wordpress\/plugins\/seo\/ -->\n<title>THE HERY LABORATORIES, SPECIALIST IN HYGIENE AND ANIMAL BEAUTY FOR OVER 30 YEARS - H\u00e9ry Laboratories<\/title>\n<meta name=\"robots\" content=\"index, follow, max-snippet:-1, max-image-preview:large, max-video-preview:-1\" \/>\n<link rel=\"canonical\" href=\"https:\/\/www.hery.fr\/en\/laboratoires-hery\/\" \/>\n<meta property=\"og:locale\" content=\"en_US\" \/>\n<meta property=\"og:type\" content=\"article\" \/>\n<meta property=\"og:title\" content=\"THE HERY LABORATORIES, SPECIALIST IN HYGIENE AND ANIMAL BEAUTY FOR OVER 30 YEARS - H\u00e9ry Laboratories\" \/>\n<meta property=\"og:description\" content=\"FOR 40 YEARS, THE H\u00c9RY BRAND HAS BEEN RECOGNIZED AS A SPECIALIST IN HIGH-END HYGIENE AND ANIMAL BEAUTY. OUR ENGAGEMENTS H\u00e9ry hygiene and beauty products are all designed under veterinary supervision. Manufactured in France, in renowned cosmetic laboratories with raw materials of very high quality, they are subject to serious and constant checks. The excellent [&hellip;]\" \/>\n<meta property=\"og:url\" content=\"https:\/\/www.hery.fr\/en\/laboratoires-hery\/\" \/>\n<meta property=\"og:site_name\" content=\"H\u00e9ry Laboratories\" \/>\n<meta property=\"article:modified_time\" content=\"2020-12-24T14:54:16+00:00\" \/>\n<meta property=\"og:image\" content=\"https:\/\/www.hery.fr\/en\/wp-content\/uploads\/sites\/2\/2020\/12\/engagements-en.jpg\" \/>\n<meta name=\"twitter:card\" content=\"summary_large_image\" \/>\n<meta name=\"twitter:label1\" content=\"Est. reading time\" \/>\n\t<meta name=\"twitter:data1\" content=\"1 minute\" \/>\n<script type=\"application\/ld+json\" class=\"yoast-schema-graph\">{\"@context\":\"https:\/\/schema.org\",\"@graph\":[{\"@type\":\"WebPage\",\"@id\":\"https:\/\/www.hery.fr\/en\/laboratoires-hery\/\",\"url\":\"https:\/\/www.hery.fr\/en\/laboratoires-hery\/\",\"name\":\"THE HERY LABORATORIES, SPECIALIST IN HYGIENE AND ANIMAL BEAUTY FOR OVER 30 YEARS - H\u00e9ry Laboratories\",\"isPartOf\":{\"@id\":\"https:\/\/www.hery.fr\/en\/#website\"},\"primaryImageOfPage\":{\"@id\":\"https:\/\/www.hery.fr\/en\/laboratoires-hery\/#primaryimage\"},\"image\":{\"@id\":\"https:\/\/www.hery.fr\/en\/laboratoires-hery\/#primaryimage\"},\"thumbnailUrl\":\"https:\/\/www.hery.fr\/en\/wp-content\/uploads\/sites\/2\/2020\/12\/engagements-en.jpg\",\"datePublished\":\"2020-09-07T09:17:56+00:00\",\"dateModified\":\"2020-12-24T14:54:16+00:00\",\"breadcrumb\":{\"@id\":\"https:\/\/www.hery.fr\/en\/laboratoires-hery\/#breadcrumb\"},\"inLanguage\":\"en-US\",\"potentialAction\":[{\"@type\":\"ReadAction\",\"target\":[\"https:\/\/www.hery.fr\/en\/laboratoires-hery\/\"]}]},{\"@type\":\"ImageObject\",\"inLanguage\":\"en-US\",\"@id\":\"https:\/\/www.hery.fr\/en\/laboratoires-hery\/#primaryimage\",\"url\":\"https:\/\/www.hery.fr\/en\/wp-content\/uploads\/sites\/2\/2020\/12\/engagements-en.jpg\",\"contentUrl\":\"https:\/\/www.hery.fr\/en\/wp-content\/uploads\/sites\/2\/2020\/12\/engagements-en.jpg\",\"width\":539,\"height\":360},{\"@type\":\"BreadcrumbList\",\"@id\":\"https:\/\/www.hery.fr\/en\/laboratoires-hery\/#breadcrumb\",\"itemListElement\":[{\"@type\":\"ListItem\",\"position\":1,\"name\":\"Accueil\",\"item\":\"https:\/\/www.hery.fr\/en\/\"},{\"@type\":\"ListItem\",\"position\":2,\"name\":\"THE HERY LABORATORIES, SPECIALIST IN HYGIENE AND ANIMAL BEAUTY FOR OVER 30 YEARS\"}]},{\"@type\":\"WebSite\",\"@id\":\"https:\/\/www.hery.fr\/en\/#website\",\"url\":\"https:\/\/www.hery.fr\/en\/\",\"name\":\"H\u00e9ry Laboratories\",\"description\":\"Un site utilisant Langues\",\"potentialAction\":[{\"@type\":\"SearchAction\",\"target\":{\"@type\":\"EntryPoint\",\"urlTemplate\":\"https:\/\/www.hery.fr\/en\/?s={search_term_string}\"},\"query-input\":{\"@type\":\"PropertyValueSpecification\",\"valueRequired\":true,\"valueName\":\"search_term_string\"}}],\"inLanguage\":\"en-US\"}]}<\/script>\n<!-- \/ Yoast SEO plugin. -->","yoast_head_json":{"title":"THE HERY LABORATORIES, SPECIALIST IN HYGIENE AND ANIMAL BEAUTY FOR OVER 30 YEARS - H\u00e9ry Laboratories","robots":{"index":"index","follow":"follow","max-snippet":"max-snippet:-1","max-image-preview":"max-image-preview:large","max-video-preview":"max-video-preview:-1"},"canonical":"https:\/\/www.hery.fr\/en\/laboratoires-hery\/","og_locale":"en_US","og_type":"article","og_title":"THE HERY LABORATORIES, SPECIALIST IN HYGIENE AND ANIMAL BEAUTY FOR OVER 30 YEARS - H\u00e9ry Laboratories","og_description":"FOR 40 YEARS, THE H\u00c9RY BRAND HAS BEEN RECOGNIZED AS A SPECIALIST IN HIGH-END HYGIENE AND ANIMAL BEAUTY. OUR ENGAGEMENTS H\u00e9ry hygiene and beauty products are all designed under veterinary supervision. Manufactured in France, in renowned cosmetic laboratories with raw materials of very high quality, they are subject to serious and constant checks. The excellent [&hellip;]","og_url":"https:\/\/www.hery.fr\/en\/laboratoires-hery\/","og_site_name":"H\u00e9ry Laboratories","article_modified_time":"2020-12-24T14:54:16+00:00","og_image":[{"url":"https:\/\/www.hery.fr\/en\/wp-content\/uploads\/sites\/2\/2020\/12\/engagements-en.jpg","type":"","width":"","height":""}],"twitter_card":"summary_large_image","twitter_misc":{"Est. reading time":"1 minute"},"schema":{"@context":"https:\/\/schema.org","@graph":[{"@type":"WebPage","@id":"https:\/\/www.hery.fr\/en\/laboratoires-hery\/","url":"https:\/\/www.hery.fr\/en\/laboratoires-hery\/","name":"THE HERY LABORATORIES, SPECIALIST IN HYGIENE AND ANIMAL BEAUTY FOR OVER 30 YEARS - H\u00e9ry Laboratories","isPartOf":{"@id":"https:\/\/www.hery.fr\/en\/#website"},"primaryImageOfPage":{"@id":"https:\/\/www.hery.fr\/en\/laboratoires-hery\/#primaryimage"},"image":{"@id":"https:\/\/www.hery.fr\/en\/laboratoires-hery\/#primaryimage"},"thumbnailUrl":"https:\/\/www.hery.fr\/en\/wp-content\/uploads\/sites\/2\/2020\/12\/engagements-en.jpg","datePublished":"2020-09-07T09:17:56+00:00","dateModified":"2020-12-24T14:54:16+00:00","breadcrumb":{"@id":"https:\/\/www.hery.fr\/en\/laboratoires-hery\/#breadcrumb"},"inLanguage":"en-US","potentialAction":[{"@type":"ReadAction","target":["https:\/\/www.hery.fr\/en\/laboratoires-hery\/"]}]},{"@type":"ImageObject","inLanguage":"en-US","@id":"https:\/\/www.hery.fr\/en\/laboratoires-hery\/#primaryimage","url":"https:\/\/www.hery.fr\/en\/wp-content\/uploads\/sites\/2\/2020\/12\/engagements-en.jpg","contentUrl":"https:\/\/www.hery.fr\/en\/wp-content\/uploads\/sites\/2\/2020\/12\/engagements-en.jpg","width":539,"height":360},{"@type":"BreadcrumbList","@id":"https:\/\/www.hery.fr\/en\/laboratoires-hery\/#breadcrumb","itemListElement":[{"@type":"ListItem","position":1,"name":"Accueil","item":"https:\/\/www.hery.fr\/en\/"},{"@type":"ListItem","position":2,"name":"THE HERY LABORATORIES, SPECIALIST IN HYGIENE AND ANIMAL BEAUTY FOR OVER 30 YEARS"}]},{"@type":"WebSite","@id":"https:\/\/www.hery.fr\/en\/#website","url":"https:\/\/www.hery.fr\/en\/","name":"H\u00e9ry Laboratories","description":"Un site utilisant Langues","potentialAction":[{"@type":"SearchAction","target":{"@type":"EntryPoint","urlTemplate":"https:\/\/www.hery.fr\/en\/?s={search_term_string}"},"query-input":{"@type":"PropertyValueSpecification","valueRequired":true,"valueName":"search_term_string"}}],"inLanguage":"en-US"}]}},"_links":{"self":[{"href":"https:\/\/www.hery.fr\/en\/wp-json\/wp\/v2\/pages\/1183","targetHints":{"allow":["GET"]}}],"collection":[{"href":"https:\/\/www.hery.fr\/en\/wp-json\/wp\/v2\/pages"}],"about":[{"href":"https:\/\/www.hery.fr\/en\/wp-json\/wp\/v2\/types\/page"}],"author":[{"embeddable":true,"href":"https:\/\/www.hery.fr\/en\/wp-json\/wp\/v2\/users\/1"}],"replies":[{"embeddable":true,"href":"https:\/\/www.hery.fr\/en\/wp-json\/wp\/v2\/comments?post=1183"}],"version-history":[{"count":8,"href":"https:\/\/www.hery.fr\/en\/wp-json\/wp\/v2\/pages\/1183\/revisions"}],"predecessor-version":[{"id":4434,"href":"https:\/\/www.hery.fr\/en\/wp-json\/wp\/v2\/pages\/1183\/revisions\/4434"}],"wp:attachment":[{"href":"https:\/\/www.hery.fr\/en\/wp-json\/wp\/v2\/media?parent=1183"}],"curies":[{"name":"wp","href":"https:\/\/api.w.org\/{rel}","templated":true}]}}