{"id":1344,"date":"2020-11-06T11:48:24","date_gmt":"2020-11-06T10:48:24","guid":{"rendered":"https:\/\/www.hery.fr\/fr\/?page_id=1344"},"modified":"2020-12-21T17:31:22","modified_gmt":"2020-12-21T16:31:22","slug":"toiletter-son-chiot-en-douceur","status":"publish","type":"page","link":"https:\/\/www.hery.fr\/fr\/nos-conseils\/toiletter-son-chiot-en-douceur\/","title":{"rendered":"Comment toiletter un chiot en douceur\u00a0?"},"content":{"rendered":"<div><iframe loading=\"lazy\" src=\"https:\/\/www.youtube.com\/embed\/o8YKL9QL29o\" width=\"560\" height=\"315\" frameborder=\"0\" allowfullscreen=\"allowfullscreen\"><\/iframe><\/div>\n<h2>Quand laver la 1ere fois son chiot ?<\/h2>\n<p>D\u00e8s son arriv\u00e9e dans sa nouvelle maison, le chiot peut \u00eatre lav\u00e9. Le premier bain peut donc parfois \u00eatre d\u00e9licat. Cependant, afin de ne pas effrayer l\u2019animal, il est important de lui faire passer un moment agr\u00e9able. Pour cela, les Laboratoires H\u00e9ry vous donnent leurs conseils.<\/p>\n<h2>Quel shampooing utiliser pour un chiot ?<\/h2>\n<p>Tout d\u2019abord, pr\u00e9parez en amont le mat\u00e9riel dont vous aurez besoin notamment des serviettes absorbantes type microfibre. Veillez \u00e0 choisir un shampooing sp\u00e9cial chiot qui sera plus doux pour votre nouveau compagnon \u00e0 4 pattes. Les Laboratoires H\u00e9ry proposent 3 shampooings sp\u00e9cifiques aux chiots des marques <a href=\"https:\/\/www.hery.fr\/fr\/nos-produits\/hery-labo\/\"><u>H\u00e9ry Labo<\/u><\/a>, <a href=\"https:\/\/www.hery.fr\/fr\/nos-produits\/h-by-hery\/\"><u>H by H\u00e9ry<\/u><\/a> et <a href=\"https:\/\/www.hery.fr\/fr\/nos-produits\/bioty-by-hery\/\"><u>Bioty by H\u00e9ry<\/u><\/a> \u00e0 base de miel ou encore d\u2019Aloe Vera.<\/p>\n<h2>Comment laver un chiot ?<\/h2>\n<p>Apr\u00e8s avoir pr\u00e9par\u00e9 votre shampooing H\u00e9ry, diluez-le dans une bouteille de dilution\u00a0: nous conseillons de mettre 1 dose de shampooing pour 3 doses d\u2019eau.<\/p>\n<p>Enfin, afin de rassurer votre animal, nous vous recommandons de poser un tapis antid\u00e9rapant au fond de la baignoire.<\/p>\n<p>Ensuite, vous pouvez proc\u00e9der au bain.<\/p>\n<p>Afin de rassurer votre animal et de rendre le bain plaisant, parlez-lui durant toutes les \u00e9tapes de ce moment. Assurez-vous de choisir une eau temp\u00e9r\u00e9e pour le confort de l\u2019animal. Commencez par lui mouiller les pattes, le poitrail et la fourrure d\u2019un c\u00f4t\u00e9. Ensuite, appliquez le shampooing dilu\u00e9 et masser le poil pour faire \u00e9mulsionner le produit. Puis, r\u00e9p\u00e9tez l\u2019op\u00e9ration de l\u2019autre c\u00f4t\u00e9 de l\u2019animal. Terminez en douceur par la t\u00eate, tout en faisant attention aux muqueuses des yeux, au nez et aux l\u00e8vres.<\/p>\n<p>Puis, rincez abondamment la fourrure afin d\u2019enlever le produit. Une fois le poil propre, ce dernier doit glisser sous vos doigts, au contraire il ne doit en aucun cas \u00eatre poisseux.<\/p>\n<p>A l\u2019aide d\u2019une serviette, \u00e9pongez au maximum l\u2019animal afin de faciliter le s\u00e9chage. Pour finir, vous pouvez soit utiliser un s\u00e8che-cheveux \u00e0 basse temp\u00e9rature ou laisser s\u00e9cher le chien \u00e0 l\u2019air libre.<\/p>\n","protected":false},"excerpt":{"rendered":"<p>Quand laver la 1ere fois son chiot ? D\u00e8s son arriv\u00e9e dans sa nouvelle maison, le chiot peut \u00eatre lav\u00e9. Le premier bain peut donc parfois \u00eatre d\u00e9licat. Cependant, afin de ne pas effrayer l\u2019animal, il est important de lui faire passer un moment agr\u00e9able. Pour cela, les Laboratoires H\u00e9ry vous donnent leurs conseils. Quel [&hellip;]<\/p>\n","protected":false},"author":1,"featured_media":0,"parent":1342,"menu_order":0,"comment_status":"closed","ping_status":"closed","template":"templates\/template-conseils.php","meta":{"footnotes":""},"class_list":["post-1344","page","type-page","status-publish","hentry"],"yoast_head":"<!-- This site is optimized with the Yoast SEO plugin v26.0 - https:\/\/yoast.com\/wordpress\/plugins\/seo\/ -->\n<title>Comment toiletter un chiot en douceur\u00a0? - Laboratoires H\u00e9ry<\/title>\n<meta name=\"description\" content=\"Tout ce dont vous avez besoin de savoir sur le bain du chiot. Quand laver le chiot pour la 1\u00e8re fois ? Avec quel shampooing laver le chiot ?\" \/>\n<meta name=\"robots\" content=\"index, follow, max-snippet:-1, max-image-preview:large, max-video-preview:-1\" \/>\n<link rel=\"canonical\" href=\"https:\/\/www.hery.fr\/fr\/nos-conseils\/toiletter-son-chiot-en-douceur\/\" \/>\n<meta property=\"og:locale\" content=\"fr_FR\" \/>\n<meta property=\"og:type\" content=\"article\" \/>\n<meta property=\"og:title\" content=\"Comment toiletter un chiot en douceur\u00a0? - Laboratoires H\u00e9ry\" \/>\n<meta property=\"og:description\" content=\"Tout ce dont vous avez besoin de savoir sur le bain du chiot. Quand laver le chiot pour la 1\u00e8re fois ? Avec quel shampooing laver le chiot ?\" \/>\n<meta property=\"og:url\" content=\"https:\/\/www.hery.fr\/fr\/nos-conseils\/toiletter-son-chiot-en-douceur\/\" \/>\n<meta property=\"og:site_name\" content=\"Laboratoires H\u00e9ry\" \/>\n<meta property=\"article:modified_time\" content=\"2020-12-21T16:31:22+00:00\" \/>\n<meta name=\"twitter:card\" content=\"summary_large_image\" \/>\n<meta name=\"twitter:label1\" content=\"Dur\u00e9e de lecture estim\u00e9e\" \/>\n\t<meta name=\"twitter:data1\" content=\"2 minutes\" \/>\n<script type=\"application\/ld+json\" class=\"yoast-schema-graph\">{\"@context\":\"https:\/\/schema.org\",\"@graph\":[{\"@type\":\"WebPage\",\"@id\":\"https:\/\/www.hery.fr\/fr\/nos-conseils\/toiletter-son-chiot-en-douceur\/\",\"url\":\"https:\/\/www.hery.fr\/fr\/nos-conseils\/toiletter-son-chiot-en-douceur\/\",\"name\":\"Comment toiletter un chiot en douceur\u00a0? - Laboratoires H\u00e9ry\",\"isPartOf\":{\"@id\":\"https:\/\/www.hery.fr\/fr\/#website\"},\"datePublished\":\"2020-11-06T10:48:24+00:00\",\"dateModified\":\"2020-12-21T16:31:22+00:00\",\"description\":\"Tout ce dont vous avez besoin de savoir sur le bain du chiot. Quand laver le chiot pour la 1\u00e8re fois ? Avec quel shampooing laver le chiot ?\",\"breadcrumb\":{\"@id\":\"https:\/\/www.hery.fr\/fr\/nos-conseils\/toiletter-son-chiot-en-douceur\/#breadcrumb\"},\"inLanguage\":\"fr-FR\",\"potentialAction\":[{\"@type\":\"ReadAction\",\"target\":[\"https:\/\/www.hery.fr\/fr\/nos-conseils\/toiletter-son-chiot-en-douceur\/\"]}]},{\"@type\":\"BreadcrumbList\",\"@id\":\"https:\/\/www.hery.fr\/fr\/nos-conseils\/toiletter-son-chiot-en-douceur\/#breadcrumb\",\"itemListElement\":[{\"@type\":\"ListItem\",\"position\":1,\"name\":\"Accueil\",\"item\":\"https:\/\/www.hery.fr\/fr\/\"},{\"@type\":\"ListItem\",\"position\":2,\"name\":\"Nos conseils\",\"item\":\"https:\/\/www.hery.fr\/fr\/nos-conseils\/\"},{\"@type\":\"ListItem\",\"position\":3,\"name\":\"Comment toiletter un chiot en douceur\u00a0?\"}]},{\"@type\":\"WebSite\",\"@id\":\"https:\/\/www.hery.fr\/fr\/#website\",\"url\":\"https:\/\/www.hery.fr\/fr\/\",\"name\":\"Laboratoires H\u00e9ry\",\"description\":\"Specialiste de l\u2019hygiene et de la beaute animale depuis plus de 30 ans\",\"potentialAction\":[{\"@type\":\"SearchAction\",\"target\":{\"@type\":\"EntryPoint\",\"urlTemplate\":\"https:\/\/www.hery.fr\/fr\/?s={search_term_string}\"},\"query-input\":{\"@type\":\"PropertyValueSpecification\",\"valueRequired\":true,\"valueName\":\"search_term_string\"}}],\"inLanguage\":\"fr-FR\"}]}<\/script>\n<!-- \/ Yoast SEO plugin. -->","yoast_head_json":{"title":"Comment toiletter un chiot en douceur\u00a0? - Laboratoires H\u00e9ry","description":"Tout ce dont vous avez besoin de savoir sur le bain du chiot. Quand laver le chiot pour la 1\u00e8re fois ? Avec quel shampooing laver le chiot ?","robots":{"index":"index","follow":"follow","max-snippet":"max-snippet:-1","max-image-preview":"max-image-preview:large","max-video-preview":"max-video-preview:-1"},"canonical":"https:\/\/www.hery.fr\/fr\/nos-conseils\/toiletter-son-chiot-en-douceur\/","og_locale":"fr_FR","og_type":"article","og_title":"Comment toiletter un chiot en douceur\u00a0? - Laboratoires H\u00e9ry","og_description":"Tout ce dont vous avez besoin de savoir sur le bain du chiot. Quand laver le chiot pour la 1\u00e8re fois ? Avec quel shampooing laver le chiot ?","og_url":"https:\/\/www.hery.fr\/fr\/nos-conseils\/toiletter-son-chiot-en-douceur\/","og_site_name":"Laboratoires H\u00e9ry","article_modified_time":"2020-12-21T16:31:22+00:00","twitter_card":"summary_large_image","twitter_misc":{"Dur\u00e9e de lecture estim\u00e9e":"2 minutes"},"schema":{"@context":"https:\/\/schema.org","@graph":[{"@type":"WebPage","@id":"https:\/\/www.hery.fr\/fr\/nos-conseils\/toiletter-son-chiot-en-douceur\/","url":"https:\/\/www.hery.fr\/fr\/nos-conseils\/toiletter-son-chiot-en-douceur\/","name":"Comment toiletter un chiot en douceur\u00a0? - Laboratoires H\u00e9ry","isPartOf":{"@id":"https:\/\/www.hery.fr\/fr\/#website"},"datePublished":"2020-11-06T10:48:24+00:00","dateModified":"2020-12-21T16:31:22+00:00","description":"Tout ce dont vous avez besoin de savoir sur le bain du chiot. Quand laver le chiot pour la 1\u00e8re fois ? Avec quel shampooing laver le chiot ?","breadcrumb":{"@id":"https:\/\/www.hery.fr\/fr\/nos-conseils\/toiletter-son-chiot-en-douceur\/#breadcrumb"},"inLanguage":"fr-FR","potentialAction":[{"@type":"ReadAction","target":["https:\/\/www.hery.fr\/fr\/nos-conseils\/toiletter-son-chiot-en-douceur\/"]}]},{"@type":"BreadcrumbList","@id":"https:\/\/www.hery.fr\/fr\/nos-conseils\/toiletter-son-chiot-en-douceur\/#breadcrumb","itemListElement":[{"@type":"ListItem","position":1,"name":"Accueil","item":"https:\/\/www.hery.fr\/fr\/"},{"@type":"ListItem","position":2,"name":"Nos conseils","item":"https:\/\/www.hery.fr\/fr\/nos-conseils\/"},{"@type":"ListItem","position":3,"name":"Comment toiletter un chiot en douceur\u00a0?"}]},{"@type":"WebSite","@id":"https:\/\/www.hery.fr\/fr\/#website","url":"https:\/\/www.hery.fr\/fr\/","name":"Laboratoires H\u00e9ry","description":"Specialiste de l\u2019hygiene et de la beaute animale depuis plus de 30 ans","potentialAction":[{"@type":"SearchAction","target":{"@type":"EntryPoint","urlTemplate":"https:\/\/www.hery.fr\/fr\/?s={search_term_string}"},"query-input":{"@type":"PropertyValueSpecification","valueRequired":true,"valueName":"search_term_string"}}],"inLanguage":"fr-FR"}]}},"_links":{"self":[{"href":"https:\/\/www.hery.fr\/fr\/wp-json\/wp\/v2\/pages\/1344","targetHints":{"allow":["GET"]}}],"collection":[{"href":"https:\/\/www.hery.fr\/fr\/wp-json\/wp\/v2\/pages"}],"about":[{"href":"https:\/\/www.hery.fr\/fr\/wp-json\/wp\/v2\/types\/page"}],"author":[{"embeddable":true,"href":"https:\/\/www.hery.fr\/fr\/wp-json\/wp\/v2\/users\/1"}],"replies":[{"embeddable":true,"href":"https:\/\/www.hery.fr\/fr\/wp-json\/wp\/v2\/comments?post=1344"}],"version-history":[{"count":15,"href":"https:\/\/www.hery.fr\/fr\/wp-json\/wp\/v2\/pages\/1344\/revisions"}],"predecessor-version":[{"id":1352,"href":"https:\/\/www.hery.fr\/fr\/wp-json\/wp\/v2\/pages\/1344\/revisions\/1352"}],"up":[{"embeddable":true,"href":"https:\/\/www.hery.fr\/fr\/wp-json\/wp\/v2\/pages\/1342"}],"wp:attachment":[{"href":"https:\/\/www.hery.fr\/fr\/wp-json\/wp\/v2\/media?parent=1344"}],"curies":[{"name":"wp","href":"https:\/\/api.w.org\/{rel}","templated":true}]}}