{"id":1346,"date":"2020-11-06T11:50:18","date_gmt":"2020-11-06T10:50:18","guid":{"rendered":"https:\/\/www.hery.fr\/fr\/?page_id=1346"},"modified":"2020-12-07T10:22:06","modified_gmt":"2020-12-07T09:22:06","slug":"le-toilettage-des-chiens-aux-poils-longs","status":"publish","type":"page","link":"https:\/\/www.hery.fr\/fr\/nos-conseils\/le-toilettage-des-chiens-aux-poils-longs\/","title":{"rendered":"Comment toiletter un chien \u00e0 poil long ?"},"content":{"rendered":"<div><iframe loading=\"lazy\" src=\"https:\/\/www.youtube.com\/embed\/rrJOd08WCeE\" width=\"560\" height=\"315\" frameborder=\"0\" allowfullscreen=\"allowfullscreen\"><span data-mce-type=\"bookmark\" style=\"display: inline-block; width: 0px; overflow: hidden; line-height: 0;\" class=\"mce_SELRES_start\">\ufeff<\/span><\/iframe><\/div>\n<p>Afin de vous aider \u00e0 toiletter votre chien aux poils longs, les Laboratoires H\u00e9ry vous apportent leurs conseils.<\/p>\n<p>D\u00e9butez par brosser le poil du chien pour supprimer les n\u0153uds et enlever le poil mort pour un lavage en profondeur. Vous pouvez utiliser la gamme de brosse en bambou H\u00e9ry Labo\u00a0: brosse souple, carde ou encore peigne \u00e0 dents rotatives.<\/p>\n<p>Avant le bain, veillez \u00e0 pr\u00e9parer en amont le mat\u00e9riel dont vous aurez besoin notamment des serviettes absorbantes type microfibre. Choisissez un shampooing H\u00e9ry sp\u00e9cial poils longs et diluer le dans une bouteille de dilution\u00a0: nous conseillons de mettre 1 dose de shampooing pour 3 doses d\u2019eau.<\/p>\n<p>Afin de rassurer votre animal, vous pouvez poser un tapis antid\u00e9rapant au fond de la baignoire.<\/p>\n<p>Assurez vous de choisir une eau temp\u00e9r\u00e9e pour le confort de l\u2019animal. Proc\u00e9dez au bain en mouillant et lavant un premier c\u00f4t\u00e9 du chien puis l\u2019autre c\u00f4t\u00e9. Terminez en douceur par la t\u00eate.<\/p>\n<p>Nous conseillons de faire deux shampooings pour \u00e9liminer les impuret\u00e9s puis faire b\u00e9n\u00e9ficier au poil les principes actifs du produit.<\/p>\n<p>Apr\u00e8s ces deux shampooings, rincez abondamment la fourrure afin d\u2019enlever le produit.<\/p>\n<p>Continuez en appliquant l\u2019apr\u00e8s-shampooing qui facilitera le d\u00e9m\u00ealage et rendra le pelage brillant. De m\u00eame, les n\u0153uds partiront sans effort lors du brossage. Proc\u00e9dez de la m\u00eame fa\u00e7on que pour le shampooing, mais ici, laissez poser quelques minutes avant de rincer abondamment.<\/p>\n<p>Pour finir, vous pouvez s\u00e9cher l\u2019animal avec un pulseur ou un s\u00e8che cheveux. Ensuite, vous pouvez brosser son poil avec un peigne \u00e0 dents larges rotatives pour d\u00e9m\u00ealer les derniers n\u0153uds et avec une carde sur les pattes pour leur donner un peu de volume.<\/p>\n<p>Afin de favoriser le d\u00e9m\u00ealage du poil, vous pouvez vaporiser l\u2019un de nos sprays d\u00e9m\u00ealants H\u00e9ry Labo. Ces derniers permettent de d\u00e9m\u00ealer mais apportent aussi plusieurs avantages (\u00e9clat, brillance, force&#8230;.).<\/p>\n<p>Entre deux bains et afin de gagner du temps, vous pouvez opter pour le Shampooing sec Poils longs H\u00e9ry Labo qui permet de nettoyer le pelage du chien sans rin\u00e7age.<\/p>\n<p>Gr\u00e2ce \u00e0 ces diff\u00e9rentes \u00e9tapes, les Laboratoires H\u00e9ry vous assurent un toilettage de qualit\u00e9 pour votre chien aux poils longs.<\/p>\n","protected":false},"excerpt":{"rendered":"<p>\ufeff Afin de vous aider \u00e0 toiletter votre chien aux poils longs, les Laboratoires H\u00e9ry vous apportent leurs conseils. D\u00e9butez par brosser le poil du chien pour supprimer les n\u0153uds et enlever le poil mort pour un lavage en profondeur. Vous pouvez utiliser la gamme de brosse en bambou H\u00e9ry Labo\u00a0: brosse souple, carde ou [&hellip;]<\/p>\n","protected":false},"author":1,"featured_media":0,"parent":1342,"menu_order":2,"comment_status":"closed","ping_status":"closed","template":"templates\/template-conseils.php","meta":{"footnotes":""},"class_list":["post-1346","page","type-page","status-publish","hentry"],"yoast_head":"<!-- This site is optimized with the Yoast SEO plugin v26.0 - https:\/\/yoast.com\/wordpress\/plugins\/seo\/ -->\n<title>Comment toiletter un chien \u00e0 poil long ? - Laboratoires H\u00e9ry<\/title>\n<meta name=\"robots\" content=\"index, follow, max-snippet:-1, max-image-preview:large, max-video-preview:-1\" \/>\n<link rel=\"canonical\" href=\"https:\/\/www.hery.fr\/fr\/nos-conseils\/le-toilettage-des-chiens-aux-poils-longs\/\" \/>\n<meta property=\"og:locale\" content=\"fr_FR\" \/>\n<meta property=\"og:type\" content=\"article\" \/>\n<meta property=\"og:title\" content=\"Comment toiletter un chien \u00e0 poil long ? - Laboratoires H\u00e9ry\" \/>\n<meta property=\"og:description\" content=\"\ufeff Afin de vous aider \u00e0 toiletter votre chien aux poils longs, les Laboratoires H\u00e9ry vous apportent leurs conseils. D\u00e9butez par brosser le poil du chien pour supprimer les n\u0153uds et enlever le poil mort pour un lavage en profondeur. Vous pouvez utiliser la gamme de brosse en bambou H\u00e9ry Labo\u00a0: brosse souple, carde ou [&hellip;]\" \/>\n<meta property=\"og:url\" content=\"https:\/\/www.hery.fr\/fr\/nos-conseils\/le-toilettage-des-chiens-aux-poils-longs\/\" \/>\n<meta property=\"og:site_name\" content=\"Laboratoires H\u00e9ry\" \/>\n<meta property=\"article:modified_time\" content=\"2020-12-07T09:22:06+00:00\" \/>\n<meta name=\"twitter:card\" content=\"summary_large_image\" \/>\n<meta name=\"twitter:label1\" content=\"Dur\u00e9e de lecture estim\u00e9e\" \/>\n\t<meta name=\"twitter:data1\" content=\"2 minutes\" \/>\n<script type=\"application\/ld+json\" class=\"yoast-schema-graph\">{\"@context\":\"https:\/\/schema.org\",\"@graph\":[{\"@type\":\"WebPage\",\"@id\":\"https:\/\/www.hery.fr\/fr\/nos-conseils\/le-toilettage-des-chiens-aux-poils-longs\/\",\"url\":\"https:\/\/www.hery.fr\/fr\/nos-conseils\/le-toilettage-des-chiens-aux-poils-longs\/\",\"name\":\"Comment toiletter un chien \u00e0 poil long ? - Laboratoires H\u00e9ry\",\"isPartOf\":{\"@id\":\"https:\/\/www.hery.fr\/fr\/#website\"},\"datePublished\":\"2020-11-06T10:50:18+00:00\",\"dateModified\":\"2020-12-07T09:22:06+00:00\",\"breadcrumb\":{\"@id\":\"https:\/\/www.hery.fr\/fr\/nos-conseils\/le-toilettage-des-chiens-aux-poils-longs\/#breadcrumb\"},\"inLanguage\":\"fr-FR\",\"potentialAction\":[{\"@type\":\"ReadAction\",\"target\":[\"https:\/\/www.hery.fr\/fr\/nos-conseils\/le-toilettage-des-chiens-aux-poils-longs\/\"]}]},{\"@type\":\"BreadcrumbList\",\"@id\":\"https:\/\/www.hery.fr\/fr\/nos-conseils\/le-toilettage-des-chiens-aux-poils-longs\/#breadcrumb\",\"itemListElement\":[{\"@type\":\"ListItem\",\"position\":1,\"name\":\"Accueil\",\"item\":\"https:\/\/www.hery.fr\/fr\/\"},{\"@type\":\"ListItem\",\"position\":2,\"name\":\"Nos conseils\",\"item\":\"https:\/\/www.hery.fr\/fr\/nos-conseils\/\"},{\"@type\":\"ListItem\",\"position\":3,\"name\":\"Comment toiletter un chien \u00e0 poil long ?\"}]},{\"@type\":\"WebSite\",\"@id\":\"https:\/\/www.hery.fr\/fr\/#website\",\"url\":\"https:\/\/www.hery.fr\/fr\/\",\"name\":\"Laboratoires H\u00e9ry\",\"description\":\"Specialiste de l\u2019hygiene et de la beaute animale depuis plus de 30 ans\",\"potentialAction\":[{\"@type\":\"SearchAction\",\"target\":{\"@type\":\"EntryPoint\",\"urlTemplate\":\"https:\/\/www.hery.fr\/fr\/?s={search_term_string}\"},\"query-input\":{\"@type\":\"PropertyValueSpecification\",\"valueRequired\":true,\"valueName\":\"search_term_string\"}}],\"inLanguage\":\"fr-FR\"}]}<\/script>\n<!-- \/ Yoast SEO plugin. -->","yoast_head_json":{"title":"Comment toiletter un chien \u00e0 poil long ? - Laboratoires H\u00e9ry","robots":{"index":"index","follow":"follow","max-snippet":"max-snippet:-1","max-image-preview":"max-image-preview:large","max-video-preview":"max-video-preview:-1"},"canonical":"https:\/\/www.hery.fr\/fr\/nos-conseils\/le-toilettage-des-chiens-aux-poils-longs\/","og_locale":"fr_FR","og_type":"article","og_title":"Comment toiletter un chien \u00e0 poil long ? - Laboratoires H\u00e9ry","og_description":"\ufeff Afin de vous aider \u00e0 toiletter votre chien aux poils longs, les Laboratoires H\u00e9ry vous apportent leurs conseils. D\u00e9butez par brosser le poil du chien pour supprimer les n\u0153uds et enlever le poil mort pour un lavage en profondeur. Vous pouvez utiliser la gamme de brosse en bambou H\u00e9ry Labo\u00a0: brosse souple, carde ou [&hellip;]","og_url":"https:\/\/www.hery.fr\/fr\/nos-conseils\/le-toilettage-des-chiens-aux-poils-longs\/","og_site_name":"Laboratoires H\u00e9ry","article_modified_time":"2020-12-07T09:22:06+00:00","twitter_card":"summary_large_image","twitter_misc":{"Dur\u00e9e de lecture estim\u00e9e":"2 minutes"},"schema":{"@context":"https:\/\/schema.org","@graph":[{"@type":"WebPage","@id":"https:\/\/www.hery.fr\/fr\/nos-conseils\/le-toilettage-des-chiens-aux-poils-longs\/","url":"https:\/\/www.hery.fr\/fr\/nos-conseils\/le-toilettage-des-chiens-aux-poils-longs\/","name":"Comment toiletter un chien \u00e0 poil long ? - Laboratoires H\u00e9ry","isPartOf":{"@id":"https:\/\/www.hery.fr\/fr\/#website"},"datePublished":"2020-11-06T10:50:18+00:00","dateModified":"2020-12-07T09:22:06+00:00","breadcrumb":{"@id":"https:\/\/www.hery.fr\/fr\/nos-conseils\/le-toilettage-des-chiens-aux-poils-longs\/#breadcrumb"},"inLanguage":"fr-FR","potentialAction":[{"@type":"ReadAction","target":["https:\/\/www.hery.fr\/fr\/nos-conseils\/le-toilettage-des-chiens-aux-poils-longs\/"]}]},{"@type":"BreadcrumbList","@id":"https:\/\/www.hery.fr\/fr\/nos-conseils\/le-toilettage-des-chiens-aux-poils-longs\/#breadcrumb","itemListElement":[{"@type":"ListItem","position":1,"name":"Accueil","item":"https:\/\/www.hery.fr\/fr\/"},{"@type":"ListItem","position":2,"name":"Nos conseils","item":"https:\/\/www.hery.fr\/fr\/nos-conseils\/"},{"@type":"ListItem","position":3,"name":"Comment toiletter un chien \u00e0 poil long ?"}]},{"@type":"WebSite","@id":"https:\/\/www.hery.fr\/fr\/#website","url":"https:\/\/www.hery.fr\/fr\/","name":"Laboratoires H\u00e9ry","description":"Specialiste de l\u2019hygiene et de la beaute animale depuis plus de 30 ans","potentialAction":[{"@type":"SearchAction","target":{"@type":"EntryPoint","urlTemplate":"https:\/\/www.hery.fr\/fr\/?s={search_term_string}"},"query-input":{"@type":"PropertyValueSpecification","valueRequired":true,"valueName":"search_term_string"}}],"inLanguage":"fr-FR"}]}},"_links":{"self":[{"href":"https:\/\/www.hery.fr\/fr\/wp-json\/wp\/v2\/pages\/1346","targetHints":{"allow":["GET"]}}],"collection":[{"href":"https:\/\/www.hery.fr\/fr\/wp-json\/wp\/v2\/pages"}],"about":[{"href":"https:\/\/www.hery.fr\/fr\/wp-json\/wp\/v2\/types\/page"}],"author":[{"embeddable":true,"href":"https:\/\/www.hery.fr\/fr\/wp-json\/wp\/v2\/users\/1"}],"replies":[{"embeddable":true,"href":"https:\/\/www.hery.fr\/fr\/wp-json\/wp\/v2\/comments?post=1346"}],"version-history":[{"count":8,"href":"https:\/\/www.hery.fr\/fr\/wp-json\/wp\/v2\/pages\/1346\/revisions"}],"predecessor-version":[{"id":5844,"href":"https:\/\/www.hery.fr\/fr\/wp-json\/wp\/v2\/pages\/1346\/revisions\/5844"}],"up":[{"embeddable":true,"href":"https:\/\/www.hery.fr\/fr\/wp-json\/wp\/v2\/pages\/1342"}],"wp:attachment":[{"href":"https:\/\/www.hery.fr\/fr\/wp-json\/wp\/v2\/media?parent=1346"}],"curies":[{"name":"wp","href":"https:\/\/api.w.org\/{rel}","templated":true}]}}