{"id":42,"date":"2020-09-07T16:45:50","date_gmt":"2020-09-07T14:45:50","guid":{"rendered":"http:\/\/www.hery.fr\/fr\/?page_id=42"},"modified":"2025-09-30T15:35:02","modified_gmt":"2025-09-30T13:35:02","slug":"home","status":"publish","type":"page","link":"https:\/\/www.hery.fr\/fr\/","title":{"rendered":"Homepage"},"content":{"rendered":"\r\n<p class=\"intro\"><strong>Fabricant fran\u00e7ais depuis 40 ans, les Laboratoires H\u00e9ry sont une marque sp\u00e9cialiste de l\u2019hygi\u00e8ne et de la beaut\u00e9 animale haut de gamme. Celle-ci est reconnue et appr\u00e9ci\u00e9e des professionnels dans plus de 30 pays et propose plusieurs lignes de soins adapt\u00e9s au pelage de chaque animal.<\/strong><br \/><strong>Les marques des Laboratoires H\u00e9ry proposent des produits d\u2019hygi\u00e8ne et de beaut\u00e9 pour toiletter et sublimer les chiens et les chats en fonction de leurs sp\u00e9cificit\u00e9s et leurs besoins.<\/strong><\/p>\r\n\r\n\r\n\r\n<div class=\"header-box\">\r\n<div><img loading=\"lazy\" decoding=\"async\" class=\"alignleft size-full wp-image-253\" src=\"https:\/\/www.hery.fr\/fr\/wp-content\/uploads\/2020\/09\/logo-labo.png\" alt=\"Shampooings H\u00e9ry Labo\" width=\"139\" height=\"82\" \/><\/div>\r\n<h2 class=\"wp-block-heading\">H\u00e9ry Labo, parce qu\u2019il y a poils <br \/>et poils<\/h2>\r\n<div><img loading=\"lazy\" decoding=\"async\" class=\"alignright size-full wp-image-257\" src=\"https:\/\/www.hery.fr\/fr\/wp-content\/uploads\/2020\/09\/mini-labo.png\" alt=\"Shampooing Laboratoires H\u00e9ry\" width=\"169\" height=\"135\" \/><\/div>\r\n<\/div>\r\n\r\n\r\n\r\n<p>H\u00e9ry Labo offre <strong>une gamme compl\u00e8te de soins d&rsquo;hygi\u00e8ne<\/strong> con\u00e7us pour s&rsquo;adapter \u00e0 chaque type de pelage. Elabor\u00e9s sous contr\u00f4le v\u00e9t\u00e9rinaire, tous les produits respectent la sensibilit\u00e9 de la peau de nos animaux. Les ingr\u00e9dients sont rigoureusement s\u00e9lectionn\u00e9s pour <strong>r\u00e9v\u00e9ler la beaut\u00e9 du poil<\/strong> tout en alliant douceur et efficacit\u00e9.<br \/><br \/>Les diff\u00e9rentes lignes de soins H\u00e9ry Labo <strong>r\u00e9pondent aux besoins sp\u00e9cifiques de chaque chien<\/strong> selon la couleur, la texture ou les particularit\u00e9s de son pelage : shampooings classiques ou secs, apr\u00e8s-shampooings, lotions et soins cibl\u00e9s. La marque propose \u00e9galement une s\u00e9lection de produits d\u2019hygi\u00e8ne <strong>adapt\u00e9s aux chats<\/strong>.<br \/><br \/>Pour r\u00e9pondre \u00e0 tous les usages, les produits sont disponibles en plusieurs formats : du flacon de 200 ml au litre, en passant par des contenances professionnelles de 5 L ou 20 L, id\u00e9ales pour les professionnels. <br \/><br \/><a href=\"https:\/\/www.hery.fr\/fr\/nos-produits\/hery-labo\/\">D\u00e9couvrez les produits d\u2019hygi\u00e8ne H\u00e9ry Labo<\/a><\/p>\r\n\r\n\r\n\r\n\r\n\r\n\r\n\r\n<div class=\"header-box\">\r\n<div><img loading=\"lazy\" decoding=\"async\" class=\"alignleft size-full wp-image-253\" src=\"https:\/\/www.hery.fr\/fr\/wp-content\/uploads\/2020\/09\/logo-labo.png\" alt=\"Shampooings Poudre H\u00e9ry Labo\" width=\"139\" height=\"82\" \/><\/div>\r\n<h2 class=\"wp-block-heading\">H\u00e9ry Poudre, plus fun en poudre <br \/>plus cool sans plastique<\/h2>\r\n<div><img loading=\"lazy\" decoding=\"async\" class=\"alignright size-full wp-image-257\" src=\"https:\/\/www.hery.fr\/fr\/wp-content\/uploads\/2025\/09\/hery_poudre.jpg\" alt=\"Shampooing Laboratoires H\u00e9ry\" width=\"150\" height=\"150\" \/><\/div>\r\n<\/div>\r\n\r\n\r\n\r\n<p>Avec <strong>H\u00e9ry Poudre<\/strong>, H\u00e9ry repense l\u2019hygi\u00e8ne canine dans <strong>une approche innovante, pratique et respectueuse<\/strong>. Cette gamme de <strong>shampooings en poudre \u00e0 diluer soi-m\u00eame<\/strong> permet d\u2019\u00e9viter le transport d\u2019eau et r\u00e9duit consid\u00e9rablement l\u2019empreinte carbone, sans faire de compromis sur l\u2019efficacit\u00e9.<br \/><br \/> Formul\u00e9e \u00e0 95 % d\u2019ingr\u00e9dients d\u2019origine naturelle, sans OGM, ni ingr\u00e9dients issus de la p\u00e9trochimie, H\u00e9ry Poudre allie performance et douceur. D\u00e9velopp\u00e9e avec soin, chaque r\u00e9f\u00e9rence respecte la sensibilit\u00e9 de la peau du chien tout en r\u00e9pondant aux besoins sp\u00e9cifiques de l\u2019animal.<br \/><br \/> Engag\u00e9e dans une d\u00e9marche z\u00e9ro d\u00e9chet, la gamme propose une bouteille en verre incassable, r\u00e9utilisable \u00e0 l\u2019infini, \u00e9liminant tout recours au plastique \u00e0 usage unique.<br \/><br \/> D\u00e9clin\u00e9e en 6 formules cibl\u00e9es, <strong>H\u00e9ry Poudre couvre l\u2019essentiel des besoins d\u2019hygi\u00e8ne<\/strong> avec une gamme courte, claire et efficace.<br \/><br \/> H\u00e9ry Poudre, c\u2019est une nouvelle fa\u00e7on de prendre soin de son animal : <strong>plus responsable, plus saine, et toujours fid\u00e8le \u00e0 l\u2019exigence qualit\u00e9 de la marque H\u00e9ry<\/strong>.<br \/><br \/><a href=\"https:\/\/www.hery.fr\/fr\/nos-produits\/hery-poudre\/\">D\u00e9couvrez les shampooings H\u00e9ry Poudre<\/a><\/p>\r\n\r\n\r\n\r\n\r\n\r\n\r\n\r\n<div class=\"header-box\">\r\n<div><img loading=\"lazy\" decoding=\"async\" class=\"size-full wp-image-252 alignleft\" src=\"https:\/\/www.hery.fr\/fr\/wp-content\/uploads\/2020\/09\/logo-h.png\" alt=\"Shampooings H by H\u00e9ry\" width=\"240\" height=\"91\" \/><\/div>\r\n<h2 class=\"wp-block-heading\">H by H\u00e9ry, l&rsquo;essentiel en un H<\/h2>\r\n<div><img loading=\"lazy\" decoding=\"async\" class=\"alignnone wp-image-269 size-full\" src=\"https:\/\/www.hery.fr\/fr\/wp-content\/uploads\/2020\/09\/mini-h-1.png\" alt=\"Shampooing pour chien H by H\u00e9ry\" width=\"122\" height=\"119\" \/><\/div>\r\n<\/div>\r\n\r\n\r\n\r\n<p>H By H\u00e9ry d\u00e9veloppe des soins hautement cibl\u00e9s, con\u00e7us pour r\u00e9pondre aux besoins sp\u00e9cifiques du poil tout en pr\u00e9servant l\u2019\u00e9quilibre naturel de la peau du chien. Chaque formule est enrichie <strong>en actifs soigneusement choisis<\/strong> pour leur efficacit\u00e9 et leur douceur.<br \/><br \/> \u00c9labor\u00e9s sous contr\u00f4le v\u00e9t\u00e9rinaire, les shampooings H By H\u00e9ry assurent <strong>une excellente tol\u00e9rance cutan\u00e9e et une performance adapt\u00e9e<\/strong> \u00e0 chaque type de pelage, tout en limitant les risques de sensibilisation.<br \/><br \/>La gamme, volontairement courte et sp\u00e9cialis\u00e9e, se concentre sur <strong>l\u2019essentiel des soins d\u2019hygi\u00e8ne canine<\/strong> : des shampooings disponibles en plusieurs formats et des lotions nettoyantes pratiques, pens\u00e9es pour une routine simple, fiable et efficace.<br \/><br \/><a href=\"https:\/\/www.hery.fr\/fr\/nos-produits\/h-by-hery\/\">D\u00e9couvrez les formules H by H\u00e9ry<\/a><\/p>\r\n\r\n\r\n\r\n\r\n\r\n\r\n\r\n<div class=\"header-box\">\r\n<div><img loading=\"lazy\" decoding=\"async\" class=\"size-full wp-image-250 alignleft\" src=\"https:\/\/www.hery.fr\/fr\/wp-content\/uploads\/2020\/09\/logo-zeropuce.png\" alt=\"Antiparasitaires pour chien Zero puces\" width=\"203\" height=\"65\" \/><\/div>\r\n<h2 class=\"wp-block-heading\">Z\u00e9ro Puce, la solution <br \/>contre les parasites<\/h2>\r\n<div><img loading=\"lazy\" decoding=\"async\" class=\"size-full wp-image-258 alignright\" src=\"https:\/\/www.hery.fr\/fr\/wp-content\/uploads\/2025\/06\/pipettes-antiparasitaire-au-graniol-bio-pour-moyens-grands-chiens-1.jpg\" alt=\"Produits antipuces pour chien\" width=\"150\" height=\"150\" \/><\/div>\r\n<\/div>\r\n\r\n\r\n\r\n<p><strong>Z\u00e9ro Puce des Laboratoires H\u00e9ry<\/strong> con\u00e7ue pour lutter efficacement contre les parasites externes qui perturbent le bien-\u00eatre des chiens et des chats. \u00c9labor\u00e9e sous contr\u00f4le v\u00e9t\u00e9rinaire, <strong>cette ligne compl\u00e8te agit \u00e0 la fois sur l\u2019animal et sur son environnement<\/strong>, pour une protection globale et durable.<br \/><br \/>La gamme se structure autour de trois axes compl\u00e9mentaires : Z\u00e9ro Puce Animal, Z\u00e9ro Puce Environnement, et Z\u00e9ro Puce Accessoires.<br \/><br \/>\u00c0 l\u2019int\u00e9rieur de la gamme, on retrouve une large vari\u00e9t\u00e9 de solutions adapt\u00e9es \u00e0 chaque situation : pipettes, colliers, shampooings, lotions, poudres ou encore a\u00e9rosols. L\u2019ensemble des produits est formul\u00e9 <strong>\u00e0 base d\u2019ingr\u00e9dients d\u2019origine naturelle<\/strong>, tels que le g\u00e9raniol, la dim\u00e9thicone ou encore le lavandin, choisis pour leur efficacit\u00e9 tout en respectant la sensibilit\u00e9 de l\u2019animal et de son environnement.<br \/><br \/>Avec Z\u00e9ro Puce, les Laboratoires H\u00e9ry s\u2019engagent pour <strong>une protection antiparasitaire plus saine, plus douce, et toujours aussi performante.<\/strong><br \/><br \/><a href=\"https:\/\/www.hery.fr\/fr\/nos-produits\/zeropuce-by-hery\/\">D\u00e9couvrez les solutions antiparasitaires Z\u00e9ro Puce<\/a><\/p>\r\n\r\n\r\n<div class=\"header-box\">\r\n<div><img loading=\"lazy\" decoding=\"async\" class=\"alignleft size-full wp-image-253\" src=\"https:\/\/www.hery.fr\/fr\/wp-content\/uploads\/2020\/09\/logo-labo.png\" alt=\"Shampooings H\u00e9ry Labo\" width=\"139\" height=\"82\" \/><\/div>\r\n<h2 class=\"wp-block-heading\">La beaut\u00e9 du poil passe par<br \/>la technique du brossage<\/h2>\r\n<div><img loading=\"lazy\" decoding=\"async\" class=\"alignright size-full wp-image-257\" src=\"https:\/\/www.hery.fr\/fr\/wp-content\/uploads\/2025\/09\/technic.jpg\" alt=\"Shampooing Laboratoires H\u00e9ry\" width=\"169\" height=\"135\" \/><\/div>\r\n<\/div>\r\n\r\n\r\n\r\n<p>Professionnels exigeants ou particuliers passionn\u00e9s, d\u00e9couvrez <strong>H\u00e9ry Technic<\/strong>, la gamme d\u2019accessoires ultra-performants pens\u00e9e pour sublimer le pelage des chiens et des chats.<br \/><br \/>Robustes, ergonomiques et complets, les outils Technic font de chaque geste un acte de pr\u00e9cision, alliant confort et respect du bien-\u00eatre animal.<br \/><br \/><strong>Brossage, s\u00e9chage, tonte<\/strong> : chaque outil a \u00e9t\u00e9 con\u00e7u pour offrir une prise en main optimale et une efficacit\u00e9 redoutable, quel que soit le type de poil. Du quotidien aux finitions les plus minutieuses, <strong>H\u00e9ry Technic<\/strong> r\u00e9pond pr\u00e9sent.<br \/><br \/><strong>Brosses, s\u00e9choirs ou encore tondeuses<\/strong>, cette gamme polyvalente allie technologie, durabilit\u00e9 et qualit\u00e9 pour r\u00e9v\u00e9ler toute la beaut\u00e9 du pelage.<br \/><br \/><a href=\"https:\/\/www.hery.fr\/fr\/nos-produits\/hery-labo-accessoires\/\">D\u00e9couvrez les accessoires H\u00e9ry Technic<\/a><\/p>\r\n\r\n\r\n\r\n<div class=\"header-box\">\r\n<div><img loading=\"lazy\" decoding=\"async\" class=\"alignleft size-full wp-image-253\" src=\"https:\/\/www.hery.fr\/fr\/wp-content\/uploads\/2020\/09\/logo-labo.png\" alt=\"Shampooings H\u00e9ry Labo\" width=\"139\" height=\"82\" \/><\/div>\r\n<h2 class=\"wp-block-heading\">La beaut\u00e9 du poil passe par<br \/>la technique du brossage<\/h2>\r\n<div><img loading=\"lazy\" decoding=\"async\" class=\"alignright size-full wp-image-257\" src=\"https:\/\/www.hery.fr\/fr\/wp-content\/uploads\/2025\/09\/bamboo_hery.jpg\" alt=\"Shampooing Laboratoires H\u00e9ry\" width=\"169\" height=\"135\" \/><\/div>\r\n<\/div>\r\n\r\n\r\n\r\n<p>Con\u00e7us \u00e0 partir de bambou, un mat\u00e9riau naturellement r\u00e9sistant, antibact\u00e9rien et imputrescible, ces outils allient robustesse et hygi\u00e8ne au quotidien.<br \/><br \/>\u00c9cologiques, durables et adapt\u00e9s \u00e0 tous les types de poils, les accessoires H\u00e9ry Bamboo offrent une exp\u00e9rience de brossage agr\u00e9able pour l\u2019animal comme pour le ma\u00eetre.<br \/><br \/>Avec H\u00e9ry Bamboo, misez sur l\u2019alliance parfaite entre nature, performance et bien-\u00eatre animal.<br \/><br \/><a href=\"https:\/\/www.hery.fr\/fr\/nos-produits\/hery-labo-accessoires\/\">D\u00e9couvrez les accessoires H\u00e9ry Bamboo<\/a><\/p>\r\n\r\n\r\n\r\n\r\n\r\n\r\n\r\n\r\n\r\n","protected":false},"excerpt":{"rendered":"<p>Fabricant fran\u00e7ais depuis 40 ans, les Laboratoires H\u00e9ry sont une marque sp\u00e9cialiste de l\u2019hygi\u00e8ne et de la beaut\u00e9 animale haut de gamme. Celle-ci est reconnue et appr\u00e9ci\u00e9e des professionnels dans plus de 30 pays et propose plusieurs lignes de soins adapt\u00e9s au pelage de chaque animal.Les marques des Laboratoires H\u00e9ry proposent des produits d\u2019hygi\u00e8ne et [&hellip;]<\/p>\n","protected":false},"author":1,"featured_media":4098,"parent":0,"menu_order":0,"comment_status":"closed","ping_status":"closed","template":"templates\/template-homepage-v2.php","meta":{"footnotes":""},"class_list":["post-42","page","type-page","status-publish","has-post-thumbnail","hentry"],"yoast_head":"<!-- This site is optimized with the Yoast SEO plugin v26.0 - https:\/\/yoast.com\/wordpress\/plugins\/seo\/ -->\n<title>Laboratoires H\u00e9ry : la Marque de l&#039;Hygi\u00e8ne et de la Beaut\u00e9 Animale<\/title>\n<meta name=\"description\" content=\"Fabricant fran\u00e7ais depuis 40 ans, les Laboratoires H\u00e9ry sont une marque sp\u00e9cialiste de l\u2019hygi\u00e8ne et de la beaut\u00e9 animale haut de gamme.\" \/>\n<meta name=\"robots\" content=\"index, follow, max-snippet:-1, max-image-preview:large, max-video-preview:-1\" \/>\n<link rel=\"canonical\" href=\"https:\/\/www.hery.fr\/fr\/\" \/>\n<meta property=\"og:locale\" content=\"fr_FR\" \/>\n<meta property=\"og:type\" content=\"article\" \/>\n<meta property=\"og:title\" content=\"Laboratoires H\u00e9ry : la Marque de l&#039;Hygi\u00e8ne et de la Beaut\u00e9 Animale\" \/>\n<meta property=\"og:description\" content=\"Fabricant fran\u00e7ais depuis 40 ans, les Laboratoires H\u00e9ry sont une marque sp\u00e9cialiste de l\u2019hygi\u00e8ne et de la beaut\u00e9 animale haut de gamme.\" \/>\n<meta property=\"og:url\" content=\"https:\/\/www.hery.fr\/fr\/\" \/>\n<meta property=\"og:site_name\" content=\"Laboratoires H\u00e9ry\" \/>\n<meta property=\"article:modified_time\" content=\"2025-09-30T13:35:02+00:00\" \/>\n<meta property=\"og:image\" content=\"https:\/\/www.hery.fr\/fr\/wp-content\/uploads\/2020\/11\/hery-hp.jpg\" \/>\n\t<meta property=\"og:image:width\" content=\"1255\" \/>\n\t<meta property=\"og:image:height\" content=\"625\" \/>\n\t<meta property=\"og:image:type\" content=\"image\/jpeg\" \/>\n<meta name=\"twitter:card\" content=\"summary_large_image\" \/>\n<meta name=\"twitter:label1\" content=\"Dur\u00e9e de lecture estim\u00e9e\" \/>\n\t<meta name=\"twitter:data1\" content=\"7 minutes\" \/>\n<script type=\"application\/ld+json\" class=\"yoast-schema-graph\">{\"@context\":\"https:\/\/schema.org\",\"@graph\":[{\"@type\":\"WebPage\",\"@id\":\"https:\/\/www.hery.fr\/fr\/\",\"url\":\"https:\/\/www.hery.fr\/fr\/\",\"name\":\"Laboratoires H\u00e9ry : la Marque de l'Hygi\u00e8ne et de la Beaut\u00e9 Animale\",\"isPartOf\":{\"@id\":\"https:\/\/www.hery.fr\/fr\/#website\"},\"primaryImageOfPage\":{\"@id\":\"https:\/\/www.hery.fr\/fr\/#primaryimage\"},\"image\":{\"@id\":\"https:\/\/www.hery.fr\/fr\/#primaryimage\"},\"thumbnailUrl\":\"https:\/\/www.hery.fr\/fr\/wp-content\/uploads\/2020\/11\/hery-hp.jpg\",\"datePublished\":\"2020-09-07T14:45:50+00:00\",\"dateModified\":\"2025-09-30T13:35:02+00:00\",\"description\":\"Fabricant fran\u00e7ais depuis 40 ans, les Laboratoires H\u00e9ry sont une marque sp\u00e9cialiste de l\u2019hygi\u00e8ne et de la beaut\u00e9 animale haut de gamme.\",\"breadcrumb\":{\"@id\":\"https:\/\/www.hery.fr\/fr\/#breadcrumb\"},\"inLanguage\":\"fr-FR\",\"potentialAction\":[{\"@type\":\"ReadAction\",\"target\":[\"https:\/\/www.hery.fr\/fr\/\"]}]},{\"@type\":\"ImageObject\",\"inLanguage\":\"fr-FR\",\"@id\":\"https:\/\/www.hery.fr\/fr\/#primaryimage\",\"url\":\"https:\/\/www.hery.fr\/fr\/wp-content\/uploads\/2020\/11\/hery-hp.jpg\",\"contentUrl\":\"https:\/\/www.hery.fr\/fr\/wp-content\/uploads\/2020\/11\/hery-hp.jpg\",\"width\":1255,\"height\":625},{\"@type\":\"BreadcrumbList\",\"@id\":\"https:\/\/www.hery.fr\/fr\/#breadcrumb\",\"itemListElement\":[{\"@type\":\"ListItem\",\"position\":1,\"name\":\"Accueil\",\"item\":\"https:\/\/www.hery.fr\/fr\/\"},{\"@type\":\"ListItem\",\"position\":2,\"name\":\"Homepage\"}]},{\"@type\":\"WebSite\",\"@id\":\"https:\/\/www.hery.fr\/fr\/#website\",\"url\":\"https:\/\/www.hery.fr\/fr\/\",\"name\":\"Laboratoires H\u00e9ry\",\"description\":\"Specialiste de l\u2019hygiene et de la beaute animale depuis plus de 30 ans\",\"potentialAction\":[{\"@type\":\"SearchAction\",\"target\":{\"@type\":\"EntryPoint\",\"urlTemplate\":\"https:\/\/www.hery.fr\/fr\/?s={search_term_string}\"},\"query-input\":{\"@type\":\"PropertyValueSpecification\",\"valueRequired\":true,\"valueName\":\"search_term_string\"}}],\"inLanguage\":\"fr-FR\"}]}<\/script>\n<!-- \/ Yoast SEO plugin. -->","yoast_head_json":{"title":"Laboratoires H\u00e9ry : la Marque de l'Hygi\u00e8ne et de la Beaut\u00e9 Animale","description":"Fabricant fran\u00e7ais depuis 40 ans, les Laboratoires H\u00e9ry sont une marque sp\u00e9cialiste de l\u2019hygi\u00e8ne et de la beaut\u00e9 animale haut de gamme.","robots":{"index":"index","follow":"follow","max-snippet":"max-snippet:-1","max-image-preview":"max-image-preview:large","max-video-preview":"max-video-preview:-1"},"canonical":"https:\/\/www.hery.fr\/fr\/","og_locale":"fr_FR","og_type":"article","og_title":"Laboratoires H\u00e9ry : la Marque de l'Hygi\u00e8ne et de la Beaut\u00e9 Animale","og_description":"Fabricant fran\u00e7ais depuis 40 ans, les Laboratoires H\u00e9ry sont une marque sp\u00e9cialiste de l\u2019hygi\u00e8ne et de la beaut\u00e9 animale haut de gamme.","og_url":"https:\/\/www.hery.fr\/fr\/","og_site_name":"Laboratoires H\u00e9ry","article_modified_time":"2025-09-30T13:35:02+00:00","og_image":[{"width":1255,"height":625,"url":"https:\/\/www.hery.fr\/fr\/wp-content\/uploads\/2020\/11\/hery-hp.jpg","type":"image\/jpeg"}],"twitter_card":"summary_large_image","twitter_misc":{"Dur\u00e9e de lecture estim\u00e9e":"7 minutes"},"schema":{"@context":"https:\/\/schema.org","@graph":[{"@type":"WebPage","@id":"https:\/\/www.hery.fr\/fr\/","url":"https:\/\/www.hery.fr\/fr\/","name":"Laboratoires H\u00e9ry : la Marque de l'Hygi\u00e8ne et de la Beaut\u00e9 Animale","isPartOf":{"@id":"https:\/\/www.hery.fr\/fr\/#website"},"primaryImageOfPage":{"@id":"https:\/\/www.hery.fr\/fr\/#primaryimage"},"image":{"@id":"https:\/\/www.hery.fr\/fr\/#primaryimage"},"thumbnailUrl":"https:\/\/www.hery.fr\/fr\/wp-content\/uploads\/2020\/11\/hery-hp.jpg","datePublished":"2020-09-07T14:45:50+00:00","dateModified":"2025-09-30T13:35:02+00:00","description":"Fabricant fran\u00e7ais depuis 40 ans, les Laboratoires H\u00e9ry sont une marque sp\u00e9cialiste de l\u2019hygi\u00e8ne et de la beaut\u00e9 animale haut de gamme.","breadcrumb":{"@id":"https:\/\/www.hery.fr\/fr\/#breadcrumb"},"inLanguage":"fr-FR","potentialAction":[{"@type":"ReadAction","target":["https:\/\/www.hery.fr\/fr\/"]}]},{"@type":"ImageObject","inLanguage":"fr-FR","@id":"https:\/\/www.hery.fr\/fr\/#primaryimage","url":"https:\/\/www.hery.fr\/fr\/wp-content\/uploads\/2020\/11\/hery-hp.jpg","contentUrl":"https:\/\/www.hery.fr\/fr\/wp-content\/uploads\/2020\/11\/hery-hp.jpg","width":1255,"height":625},{"@type":"BreadcrumbList","@id":"https:\/\/www.hery.fr\/fr\/#breadcrumb","itemListElement":[{"@type":"ListItem","position":1,"name":"Accueil","item":"https:\/\/www.hery.fr\/fr\/"},{"@type":"ListItem","position":2,"name":"Homepage"}]},{"@type":"WebSite","@id":"https:\/\/www.hery.fr\/fr\/#website","url":"https:\/\/www.hery.fr\/fr\/","name":"Laboratoires H\u00e9ry","description":"Specialiste de l\u2019hygiene et de la beaute animale depuis plus de 30 ans","potentialAction":[{"@type":"SearchAction","target":{"@type":"EntryPoint","urlTemplate":"https:\/\/www.hery.fr\/fr\/?s={search_term_string}"},"query-input":{"@type":"PropertyValueSpecification","valueRequired":true,"valueName":"search_term_string"}}],"inLanguage":"fr-FR"}]}},"_links":{"self":[{"href":"https:\/\/www.hery.fr\/fr\/wp-json\/wp\/v2\/pages\/42","targetHints":{"allow":["GET"]}}],"collection":[{"href":"https:\/\/www.hery.fr\/fr\/wp-json\/wp\/v2\/pages"}],"about":[{"href":"https:\/\/www.hery.fr\/fr\/wp-json\/wp\/v2\/types\/page"}],"author":[{"embeddable":true,"href":"https:\/\/www.hery.fr\/fr\/wp-json\/wp\/v2\/users\/1"}],"replies":[{"embeddable":true,"href":"https:\/\/www.hery.fr\/fr\/wp-json\/wp\/v2\/comments?post=42"}],"version-history":[{"count":24,"href":"https:\/\/www.hery.fr\/fr\/wp-json\/wp\/v2\/pages\/42\/revisions"}],"predecessor-version":[{"id":6265,"href":"https:\/\/www.hery.fr\/fr\/wp-json\/wp\/v2\/pages\/42\/revisions\/6265"}],"wp:featuredmedia":[{"embeddable":true,"href":"https:\/\/www.hery.fr\/fr\/wp-json\/wp\/v2\/media\/4098"}],"wp:attachment":[{"href":"https:\/\/www.hery.fr\/fr\/wp-json\/wp\/v2\/media?parent=42"}],"curies":[{"name":"wp","href":"https:\/\/api.w.org\/{rel}","templated":true}]}}