{"id":4609,"date":"2020-11-30T11:42:44","date_gmt":"2020-11-30T10:42:44","guid":{"rendered":"https:\/\/www.hery.fr\/fr\/?page_id=4609"},"modified":"2020-11-30T11:42:44","modified_gmt":"2020-11-30T10:42:44","slug":"mentions-legales","status":"publish","type":"page","link":"https:\/\/www.hery.fr\/fr\/mentions-legales\/","title":{"rendered":"Mentions l\u00e9gales"},"content":{"rendered":"<h2>Informations l\u00e9gales<\/h2>\n<p>Le site accessible \u00e0 l\u2019adresse www.hery.fr est \u00e9dit\u00e9 par la soci\u00e9t\u00e9 MARTIN SELLIER, soci\u00e9t\u00e9 par actions simplifi\u00e9e au capital de 1.006.500 \u20ac<br \/>\nSi\u00e8ge social : CS 50165 \u2013 Rouvignies<br \/>\n59303 Valenciennes cedex<br \/>\nFrance<br \/>\nSIREN : 300 484 367<br \/>\nR.C.S. : Valenciennes<br \/>\nNum\u00e9ro de TVA intracommunautaire : FR06 300 484 367<\/p>\n<p>Le directeur de la publication est Monsieur Deswarte<br \/>\nLe pr\u00e9sent site est la propri\u00e9t\u00e9 de la SAS Martin Sellier, et est h\u00e9berg\u00e9 par OVH. La soci\u00e9t\u00e9 OVH SAS au capital de 10.059.500 euros, dont le si\u00e8ge est situ\u00e9 \u00e0 Roubaix, 2 rue Kellermann, est enregistr\u00e9e au R.C.S. de Lille sous le n\u00b0 B 424 761 419.<\/p>\n<h2>Conditions d\u2019acc\u00e8s au site<\/h2>\n<h3>Conditions d\u2019acc\u00e8s au site<\/h3>\n<p>Le site www.hery.fr fournit ses services sous r\u00e9serve que le visiteur respecte les conditions d&rsquo;utilisation du site que www.hery.fr sera libre de modifier \u00e0 tout moment.<\/p>\n<p>Toute consultation ou utilisation du site vaut ainsi et en tout \u00e9tat de cause, acceptation des conditions d\u2019utilisation en r\u00e9gissant le fonctionnement.<\/p>\n<h3>Propri\u00e9t\u00e9 intellectuelle<\/h3>\n<p>L\u2019ensemble des textes, photos, logos, marques, informations et tout autre \u00e9l\u00e9ment reproduit sur ce site sont r\u00e9serv\u00e9s et prot\u00e9g\u00e9s par le droit de la propri\u00e9t\u00e9 intellectuelle.<\/p>\n<p>Ainsi, en application des lois r\u00e9gissant la propri\u00e9t\u00e9 intellectuelle, la reproduction ou l&rsquo;utilisation des \u00e9l\u00e9ments se trouvant dans ce site Internet, en totalit\u00e9 ou en partie est strictement interdite, \u00e0 l\u2019exception d\u2019une utilisation \u00e0 titre priv\u00e9 dans le cadre du cercle familial.<\/p>\n<p>Toute repr\u00e9sentation totale ou partielle de ce site, ou de son contenu, par quelque proc\u00e9d\u00e9 que ce soit, sans l&rsquo;autorisation \u00e9crite du propri\u00e9taire du site Internet, ou de ses partenaires, est interdite et constituerait une contrefa\u00e7on sanctionn\u00e9e par les articles L 335-2 et suivants du Code de la propri\u00e9t\u00e9 intellectuelle.<\/p>\n<p>Il en est de m\u00eame des \u00e9ventuelles bases de donn\u00e9es figurant sur le site Internet qui sont prot\u00e9g\u00e9es par les dispositions de la loi du 11 juillet 1998 portant transposition dans le Code de la propri\u00e9t\u00e9 intellectuelle (CPI) de la directive europ\u00e9enne du 11 mars 1996 relative \u00e0 la protection juridique des bases de donn\u00e9es.<\/p>\n<h3>Donn\u00e9es personnelles &#8211; Confidentialit\u00e9<\/h3>\n<p>Conform\u00e9ment \u00e0 loi du 6 janvier 1978 relative \u00e0 l&rsquo;informatique, aux fichiers et aux libert\u00e9s, les utilisateurs des services fournis par le site www.hery.fr sont inform\u00e9s que les donn\u00e9es personnelles qu\u2019ils communiquent sont n\u00e9cessaires \u00e0 la d\u00e9livrance des services et de leurs contenus.<\/p>\n<p>Le site www.hery.fr s&rsquo;engage \u00e0 les maintenir confidentielles et \u00e0 ne pas les transf\u00e9rer \u00e0 d&rsquo;autres soci\u00e9t\u00e9s ou organismes.<\/p>\n<p>En application des articles 38 \u00e0 40 de la loi n\u00b0 78-17 du 6 janvier 1978, modifi\u00e9e par la loi n\u00b0 2004-801 du 6 ao\u00fbt 2004, relative \u00e0 l&rsquo;informatique, aux fichiers et aux libert\u00e9s, le site www.hery.fr assure \u00e0 toute personne qui en fera la demande un droit d&rsquo;acc\u00e8s, d\u2019opposition, de rectification, de modification et de suppression des donn\u00e9es la concernant.<\/p>\n<p>Ce droit s\u2019exerce de la mani\u00e8re suivante :<br \/>\n&#8211; Par courrier \u00e0 l\u2019attention du responsable administratif et financier \u00e0 l\u2019adresse postale :<br \/>\nCS 50165 \u2013 Rouvignies<br \/>\n59303 Valenciennes cedex<br \/>\nFrance<\/p>\n<h3>Cookies<\/h3>\n<p>Le site www.hery.fr utilise des \u00ab cookies \u00bb pour acc\u00e9l\u00e9rer l&rsquo;acc\u00e8s au site. Ce \u00ab cookie \u00bb enregistre uniquement des informations relatives \u00e0 la navigation de l\u2019ordinateur de l\u2019internaute sur le site, informations qui pourront \u00eatre lues lors des visites ult\u00e9rieures effectu\u00e9es par l\u2019internaute sur le site.<\/p>\n<p>L\u2019internaute peut s&rsquo;opposer \u00e0 l&rsquo;enregistrement de \u00ab cookies \u00bb ou les supprimer de son ordinateur, en configurant les propri\u00e9t\u00e9s de son navigateur, sachant que cela est susceptible de ralentir ou interdire l&rsquo;acc\u00e8s \u00e0 certains \u00e9l\u00e9ments du site et d\u00e9grader les conditions de navigation sur le site.<\/p>\n<h3>Responsabilit\u00e9<\/h3>\n<p>Le site www.hery.fr d\u00e9cline toute responsabilit\u00e9 pour les difficult\u00e9s rencontr\u00e9es lors de l&rsquo;acc\u00e8s \u00e0 son site ou pour toute d\u00e9faillance de communication.<\/p>\n<p>Le site www.hery.fr ne pourra donc \u00eatre tenu responsable des pertes ou atteinte \u00e0 l\u2019int\u00e9grit\u00e9 de donn\u00e9es transitant par le r\u00e9seau internet, d\u2019une alt\u00e9ration ou d\u2019un acc\u00e8s non autoris\u00e9 aux transmissions ou aux donn\u00e9es des internautes, aux \u00e9l\u00e9ments ou donn\u00e9es envoy\u00e9s ou re\u00e7us, ou dont l\u2019envoi ou la r\u00e9ception a \u00e9chou\u00e9.<\/p>\n<p>Le site est accessible 24 heures sur 24 et 7 jours sur 7, \u00e0 l&rsquo;exception des cas de force majeure, difficult\u00e9s informatiques, difficult\u00e9s li\u00e9es \u00e0 la structure des r\u00e9seaux de communication ou difficult\u00e9s d&rsquo;ordre technique.<\/p>\n<p>Le site www.hery.fr se r\u00e9serve, en outre, la possibilit\u00e9 de modifier, de corriger ou d&rsquo;interrompre temporairement ou de fa\u00e7on permanente, tout ou partie du site, sans pr\u00e9avis. Le site www.hery.fr ne pourra en aucun cas \u00eatre tenu pour responsable des cons\u00e9quences \u00e9ventuelles de ces modifications ou interruptions.<\/p>\n<h3>Liens hypertextes<\/h3>\n<p>La mise en place de tout lien hypertexte vers tout ou partie de ce site est strictement interdite sans l\u2019autorisation pr\u00e9alable et \u00e9crite de Martin Sellier.<\/p>\n<p>En tout \u00e9tat de cause, le site www.hery.fr n&rsquo;est en aucun cas responsable du contenu ainsi que des produits ou services propos\u00e9s sur les sites Internet auxquels son site web se trouverait li\u00e9 par des liens hypertextes ou tout autre type de liens.<\/p>\n","protected":false},"excerpt":{"rendered":"<p>Informations l\u00e9gales Le site accessible \u00e0 l\u2019adresse www.hery.fr est \u00e9dit\u00e9 par la soci\u00e9t\u00e9 MARTIN SELLIER, soci\u00e9t\u00e9 par actions simplifi\u00e9e au capital de 1.006.500 \u20ac Si\u00e8ge social : CS 50165 \u2013 Rouvignies 59303 Valenciennes cedex France SIREN : 300 484 367 R.C.S. : Valenciennes Num\u00e9ro de TVA intracommunautaire : FR06 300 484 367 Le directeur de [&hellip;]<\/p>\n","protected":false},"author":1,"featured_media":0,"parent":0,"menu_order":0,"comment_status":"closed","ping_status":"closed","template":"","meta":{"footnotes":""},"class_list":["post-4609","page","type-page","status-publish","hentry"],"yoast_head":"<!-- This site is optimized with the Yoast SEO plugin v26.0 - https:\/\/yoast.com\/wordpress\/plugins\/seo\/ -->\n<title>Mentions l\u00e9gales - Laboratoires H\u00e9ry<\/title>\n<meta name=\"robots\" content=\"index, follow, max-snippet:-1, max-image-preview:large, max-video-preview:-1\" \/>\n<link rel=\"canonical\" href=\"https:\/\/www.hery.fr\/fr\/mentions-legales\/\" \/>\n<meta property=\"og:locale\" content=\"fr_FR\" \/>\n<meta property=\"og:type\" content=\"article\" \/>\n<meta property=\"og:title\" content=\"Mentions l\u00e9gales - Laboratoires H\u00e9ry\" \/>\n<meta property=\"og:description\" content=\"Informations l\u00e9gales Le site accessible \u00e0 l\u2019adresse www.hery.fr est \u00e9dit\u00e9 par la soci\u00e9t\u00e9 MARTIN SELLIER, soci\u00e9t\u00e9 par actions simplifi\u00e9e au capital de 1.006.500 \u20ac Si\u00e8ge social : CS 50165 \u2013 Rouvignies 59303 Valenciennes cedex France SIREN : 300 484 367 R.C.S. : Valenciennes Num\u00e9ro de TVA intracommunautaire : FR06 300 484 367 Le directeur de [&hellip;]\" \/>\n<meta property=\"og:url\" content=\"https:\/\/www.hery.fr\/fr\/mentions-legales\/\" \/>\n<meta property=\"og:site_name\" content=\"Laboratoires H\u00e9ry\" \/>\n<meta name=\"twitter:card\" content=\"summary_large_image\" \/>\n<meta name=\"twitter:label1\" content=\"Dur\u00e9e de lecture estim\u00e9e\" \/>\n\t<meta name=\"twitter:data1\" content=\"4 minutes\" \/>\n<script type=\"application\/ld+json\" class=\"yoast-schema-graph\">{\"@context\":\"https:\/\/schema.org\",\"@graph\":[{\"@type\":\"WebPage\",\"@id\":\"https:\/\/www.hery.fr\/fr\/mentions-legales\/\",\"url\":\"https:\/\/www.hery.fr\/fr\/mentions-legales\/\",\"name\":\"Mentions l\u00e9gales - Laboratoires H\u00e9ry\",\"isPartOf\":{\"@id\":\"https:\/\/www.hery.fr\/fr\/#website\"},\"datePublished\":\"2020-11-30T10:42:44+00:00\",\"breadcrumb\":{\"@id\":\"https:\/\/www.hery.fr\/fr\/mentions-legales\/#breadcrumb\"},\"inLanguage\":\"fr-FR\",\"potentialAction\":[{\"@type\":\"ReadAction\",\"target\":[\"https:\/\/www.hery.fr\/fr\/mentions-legales\/\"]}]},{\"@type\":\"BreadcrumbList\",\"@id\":\"https:\/\/www.hery.fr\/fr\/mentions-legales\/#breadcrumb\",\"itemListElement\":[{\"@type\":\"ListItem\",\"position\":1,\"name\":\"Accueil\",\"item\":\"https:\/\/www.hery.fr\/fr\/\"},{\"@type\":\"ListItem\",\"position\":2,\"name\":\"Mentions l\u00e9gales\"}]},{\"@type\":\"WebSite\",\"@id\":\"https:\/\/www.hery.fr\/fr\/#website\",\"url\":\"https:\/\/www.hery.fr\/fr\/\",\"name\":\"Laboratoires H\u00e9ry\",\"description\":\"Specialiste de l\u2019hygiene et de la beaute animale depuis plus de 30 ans\",\"potentialAction\":[{\"@type\":\"SearchAction\",\"target\":{\"@type\":\"EntryPoint\",\"urlTemplate\":\"https:\/\/www.hery.fr\/fr\/?s={search_term_string}\"},\"query-input\":{\"@type\":\"PropertyValueSpecification\",\"valueRequired\":true,\"valueName\":\"search_term_string\"}}],\"inLanguage\":\"fr-FR\"}]}<\/script>\n<!-- \/ Yoast SEO plugin. -->","yoast_head_json":{"title":"Mentions l\u00e9gales - Laboratoires H\u00e9ry","robots":{"index":"index","follow":"follow","max-snippet":"max-snippet:-1","max-image-preview":"max-image-preview:large","max-video-preview":"max-video-preview:-1"},"canonical":"https:\/\/www.hery.fr\/fr\/mentions-legales\/","og_locale":"fr_FR","og_type":"article","og_title":"Mentions l\u00e9gales - Laboratoires H\u00e9ry","og_description":"Informations l\u00e9gales Le site accessible \u00e0 l\u2019adresse www.hery.fr est \u00e9dit\u00e9 par la soci\u00e9t\u00e9 MARTIN SELLIER, soci\u00e9t\u00e9 par actions simplifi\u00e9e au capital de 1.006.500 \u20ac Si\u00e8ge social : CS 50165 \u2013 Rouvignies 59303 Valenciennes cedex France SIREN : 300 484 367 R.C.S. : Valenciennes Num\u00e9ro de TVA intracommunautaire : FR06 300 484 367 Le directeur de [&hellip;]","og_url":"https:\/\/www.hery.fr\/fr\/mentions-legales\/","og_site_name":"Laboratoires H\u00e9ry","twitter_card":"summary_large_image","twitter_misc":{"Dur\u00e9e de lecture estim\u00e9e":"4 minutes"},"schema":{"@context":"https:\/\/schema.org","@graph":[{"@type":"WebPage","@id":"https:\/\/www.hery.fr\/fr\/mentions-legales\/","url":"https:\/\/www.hery.fr\/fr\/mentions-legales\/","name":"Mentions l\u00e9gales - Laboratoires H\u00e9ry","isPartOf":{"@id":"https:\/\/www.hery.fr\/fr\/#website"},"datePublished":"2020-11-30T10:42:44+00:00","breadcrumb":{"@id":"https:\/\/www.hery.fr\/fr\/mentions-legales\/#breadcrumb"},"inLanguage":"fr-FR","potentialAction":[{"@type":"ReadAction","target":["https:\/\/www.hery.fr\/fr\/mentions-legales\/"]}]},{"@type":"BreadcrumbList","@id":"https:\/\/www.hery.fr\/fr\/mentions-legales\/#breadcrumb","itemListElement":[{"@type":"ListItem","position":1,"name":"Accueil","item":"https:\/\/www.hery.fr\/fr\/"},{"@type":"ListItem","position":2,"name":"Mentions l\u00e9gales"}]},{"@type":"WebSite","@id":"https:\/\/www.hery.fr\/fr\/#website","url":"https:\/\/www.hery.fr\/fr\/","name":"Laboratoires H\u00e9ry","description":"Specialiste de l\u2019hygiene et de la beaute animale depuis plus de 30 ans","potentialAction":[{"@type":"SearchAction","target":{"@type":"EntryPoint","urlTemplate":"https:\/\/www.hery.fr\/fr\/?s={search_term_string}"},"query-input":{"@type":"PropertyValueSpecification","valueRequired":true,"valueName":"search_term_string"}}],"inLanguage":"fr-FR"}]}},"_links":{"self":[{"href":"https:\/\/www.hery.fr\/fr\/wp-json\/wp\/v2\/pages\/4609","targetHints":{"allow":["GET"]}}],"collection":[{"href":"https:\/\/www.hery.fr\/fr\/wp-json\/wp\/v2\/pages"}],"about":[{"href":"https:\/\/www.hery.fr\/fr\/wp-json\/wp\/v2\/types\/page"}],"author":[{"embeddable":true,"href":"https:\/\/www.hery.fr\/fr\/wp-json\/wp\/v2\/users\/1"}],"replies":[{"embeddable":true,"href":"https:\/\/www.hery.fr\/fr\/wp-json\/wp\/v2\/comments?post=4609"}],"version-history":[{"count":1,"href":"https:\/\/www.hery.fr\/fr\/wp-json\/wp\/v2\/pages\/4609\/revisions"}],"predecessor-version":[{"id":4610,"href":"https:\/\/www.hery.fr\/fr\/wp-json\/wp\/v2\/pages\/4609\/revisions\/4610"}],"wp:attachment":[{"href":"https:\/\/www.hery.fr\/fr\/wp-json\/wp\/v2\/media?parent=4609"}],"curies":[{"name":"wp","href":"https:\/\/api.w.org\/{rel}","templated":true}]}}