{"id":5,"date":"2020-09-07T11:17:56","date_gmt":"2020-09-07T09:17:56","guid":{"rendered":"http:\/\/www.hery.fr\/fr\/?page_id=5"},"modified":"2022-03-22T15:41:34","modified_gmt":"2022-03-22T14:41:34","slug":"laboratoires-hery","status":"publish","type":"page","link":"https:\/\/www.hery.fr\/fr\/laboratoires-hery\/","title":{"rendered":"LABORATOIRES HERY"},"content":{"rendered":"\r\n<p class=\"intro\"><strong>DEPUIS 40 ANS, LA MARQUE H\u00c9RY EST RECONNUE EN TANT QUE SP\u00c9CIALISTE DE L\u2019HYGI\u00c8NE ET DE LA BEAUT\u00c9 ANIMALE HAUT DE GAMME.<\/strong><\/p>\r\n\r\n<div class=\"cms-block block-left\">\r\n<h2>Nos engagements<\/h2>\r\n<div class=\"img\"><img loading=\"lazy\" decoding=\"async\" class=\"alignnone wp-image-4967 size-full\" src=\"https:\/\/www.hery.fr\/fr\/wp-content\/uploads\/2020\/12\/engagements.jpg\" alt=\"Shampooings H\u00e9ry pour chien\" width=\"539\" height=\"360\" srcset=\"https:\/\/www.hery.fr\/fr\/wp-content\/uploads\/2020\/12\/engagements.jpg 539w, https:\/\/www.hery.fr\/fr\/wp-content\/uploads\/2020\/12\/engagements-300x200.jpg 300w\" sizes=\"auto, (max-width: 539px) 100vw, 539px\" \/><\/div>\r\n<p>Les produits d\u02bchygi\u00e8ne et de beaut\u00e9 H\u00e9ry sont tous con\u00e7us sous contr\u00f4le v\u00e9t\u00e9rinaire. Fabriqu\u00e9s, en France, dans des laboratoires cosm\u00e9tiques renomm\u00e9s avec des mati\u00e8res premi\u00e8res de tr\u00e8s<br \/>haute qualit\u00e9, ils font l\u02bcobjet de contr\u00f4les s\u00e9rieux et constants.<\/p>\r\n<p>Les excellents r\u00e9sultats obtenus apr\u00e8s utilisation de nos produits r\u00e9sultent de notre exigence \u00e0 utiliser dans nos compositions des mati\u00e8res premi\u00e8res de tr\u00e8s haute qualit\u00e9 ainsi que nos recherches constantes \u00e0 utiliser les nouvelles technologies pour les am\u00e9liorer.<\/p>\r\n<\/div>\r\n<div class=\"cms-block block-right\">\r\n<h2>RESPECT DE l\u02bcANIMAL<\/h2>\r\n<div class=\"img\"><img loading=\"lazy\" decoding=\"async\" class=\"alignnone wp-image-4968 size-full\" src=\"https:\/\/www.hery.fr\/fr\/wp-content\/uploads\/2020\/12\/respect.jpg\" alt=\"des cosm\u00e9tiques respectueux de l'animal\" width=\"490\" height=\"612\" srcset=\"https:\/\/www.hery.fr\/fr\/wp-content\/uploads\/2020\/12\/respect.jpg 490w, https:\/\/www.hery.fr\/fr\/wp-content\/uploads\/2020\/12\/respect-240x300.jpg 240w\" sizes=\"auto, (max-width: 490px) 100vw, 490px\" \/><\/div>\r\n<p>Afin de prot\u00e9ger l\u02bcanimal, les produits H\u00e9ry sont \u00e9labor\u00e9es, sans parab\u00e8nes, sp\u00e9cifiquement en fonction de leur fourrure et leur peau. Ainsi, le ph et le film hydrolipidique de l\u02bcanimal sont respect\u00e9s.<\/p>\r\n<p>D\u02bcune composition ultra douce, ils peuvent \u00eatre utilis\u00e9s en toute s\u00e9curit\u00e9 et aussi souvent que souhait\u00e9s sur toutes races de chiens ou de chats. Les shampooings et soins des Laboratoires H\u00e9ry assurent une haute tol\u00e9rance des produits et r\u00e9duisent au maximum les risques d\u02bcallergies ou d\u02bcagression du poil.<\/p>\r\n<div class=\"bottom\"><img loading=\"lazy\" decoding=\"async\" class=\"alignnone size-full wp-image-4964\" src=\"https:\/\/www.hery.fr\/fr\/wp-content\/uploads\/2020\/12\/hery-labo-gris.png\" alt=\"laboratoires H\u00e9ry\" width=\"504\" height=\"302\" srcset=\"https:\/\/www.hery.fr\/fr\/wp-content\/uploads\/2020\/12\/hery-labo-gris.png 504w, https:\/\/www.hery.fr\/fr\/wp-content\/uploads\/2020\/12\/hery-labo-gris-300x180.png 300w\" sizes=\"auto, (max-width: 504px) 100vw, 504px\" \/><\/div>\r\n<\/div>\r\n<!-- \/wp:paragraph -->","protected":false},"excerpt":{"rendered":"<p>DEPUIS 40 ANS, LA MARQUE H\u00c9RY EST RECONNUE EN TANT QUE SP\u00c9CIALISTE DE L\u2019HYGI\u00c8NE ET DE LA BEAUT\u00c9 ANIMALE HAUT DE GAMME. Nos engagements Les produits d\u02bchygi\u00e8ne et de beaut\u00e9 H\u00e9ry sont tous con\u00e7us sous contr\u00f4le v\u00e9t\u00e9rinaire. Fabriqu\u00e9s, en France, dans des laboratoires cosm\u00e9tiques renomm\u00e9s avec des mati\u00e8res premi\u00e8res de tr\u00e8shaute qualit\u00e9, ils font l\u02bcobjet [&hellip;]<\/p>\n","protected":false},"author":1,"featured_media":0,"parent":0,"menu_order":1,"comment_status":"closed","ping_status":"closed","template":"","meta":{"footnotes":""},"class_list":["post-5","page","type-page","status-publish","hentry"],"yoast_head":"<!-- This site is optimized with the Yoast SEO plugin v26.0 - https:\/\/yoast.com\/wordpress\/plugins\/seo\/ -->\n<title>LABORATOIRES HERY - Laboratoires H\u00e9ry<\/title>\n<meta name=\"robots\" content=\"index, follow, max-snippet:-1, max-image-preview:large, max-video-preview:-1\" \/>\n<link rel=\"canonical\" href=\"https:\/\/www.hery.fr\/fr\/laboratoires-hery\/\" \/>\n<meta property=\"og:locale\" content=\"fr_FR\" \/>\n<meta property=\"og:type\" content=\"article\" \/>\n<meta property=\"og:title\" content=\"LABORATOIRES HERY - Laboratoires H\u00e9ry\" \/>\n<meta property=\"og:description\" content=\"DEPUIS 40 ANS, LA MARQUE H\u00c9RY EST RECONNUE EN TANT QUE SP\u00c9CIALISTE DE L\u2019HYGI\u00c8NE ET DE LA BEAUT\u00c9 ANIMALE HAUT DE GAMME. Nos engagements Les produits d\u02bchygi\u00e8ne et de beaut\u00e9 H\u00e9ry sont tous con\u00e7us sous contr\u00f4le v\u00e9t\u00e9rinaire. Fabriqu\u00e9s, en France, dans des laboratoires cosm\u00e9tiques renomm\u00e9s avec des mati\u00e8res premi\u00e8res de tr\u00e8shaute qualit\u00e9, ils font l\u02bcobjet [&hellip;]\" \/>\n<meta property=\"og:url\" content=\"https:\/\/www.hery.fr\/fr\/laboratoires-hery\/\" \/>\n<meta property=\"og:site_name\" content=\"Laboratoires H\u00e9ry\" \/>\n<meta property=\"article:modified_time\" content=\"2022-03-22T14:41:34+00:00\" \/>\n<meta property=\"og:image\" content=\"https:\/\/www.hery.fr\/fr\/wp-content\/uploads\/2020\/12\/engagements.jpg\" \/>\n<meta name=\"twitter:card\" content=\"summary_large_image\" \/>\n<meta name=\"twitter:label1\" content=\"Dur\u00e9e de lecture estim\u00e9e\" \/>\n\t<meta name=\"twitter:data1\" content=\"1 minute\" \/>\n<script type=\"application\/ld+json\" class=\"yoast-schema-graph\">{\"@context\":\"https:\/\/schema.org\",\"@graph\":[{\"@type\":\"WebPage\",\"@id\":\"https:\/\/www.hery.fr\/fr\/laboratoires-hery\/\",\"url\":\"https:\/\/www.hery.fr\/fr\/laboratoires-hery\/\",\"name\":\"LABORATOIRES HERY - Laboratoires H\u00e9ry\",\"isPartOf\":{\"@id\":\"https:\/\/www.hery.fr\/fr\/#website\"},\"primaryImageOfPage\":{\"@id\":\"https:\/\/www.hery.fr\/fr\/laboratoires-hery\/#primaryimage\"},\"image\":{\"@id\":\"https:\/\/www.hery.fr\/fr\/laboratoires-hery\/#primaryimage\"},\"thumbnailUrl\":\"https:\/\/www.hery.fr\/fr\/wp-content\/uploads\/2020\/12\/engagements.jpg\",\"datePublished\":\"2020-09-07T09:17:56+00:00\",\"dateModified\":\"2022-03-22T14:41:34+00:00\",\"breadcrumb\":{\"@id\":\"https:\/\/www.hery.fr\/fr\/laboratoires-hery\/#breadcrumb\"},\"inLanguage\":\"fr-FR\",\"potentialAction\":[{\"@type\":\"ReadAction\",\"target\":[\"https:\/\/www.hery.fr\/fr\/laboratoires-hery\/\"]}]},{\"@type\":\"ImageObject\",\"inLanguage\":\"fr-FR\",\"@id\":\"https:\/\/www.hery.fr\/fr\/laboratoires-hery\/#primaryimage\",\"url\":\"https:\/\/www.hery.fr\/fr\/wp-content\/uploads\/2020\/12\/engagements.jpg\",\"contentUrl\":\"https:\/\/www.hery.fr\/fr\/wp-content\/uploads\/2020\/12\/engagements.jpg\",\"width\":539,\"height\":360},{\"@type\":\"BreadcrumbList\",\"@id\":\"https:\/\/www.hery.fr\/fr\/laboratoires-hery\/#breadcrumb\",\"itemListElement\":[{\"@type\":\"ListItem\",\"position\":1,\"name\":\"Accueil\",\"item\":\"https:\/\/www.hery.fr\/fr\/\"},{\"@type\":\"ListItem\",\"position\":2,\"name\":\"LABORATOIRES HERY\"}]},{\"@type\":\"WebSite\",\"@id\":\"https:\/\/www.hery.fr\/fr\/#website\",\"url\":\"https:\/\/www.hery.fr\/fr\/\",\"name\":\"Laboratoires H\u00e9ry\",\"description\":\"Specialiste de l\u2019hygiene et de la beaute animale depuis plus de 30 ans\",\"potentialAction\":[{\"@type\":\"SearchAction\",\"target\":{\"@type\":\"EntryPoint\",\"urlTemplate\":\"https:\/\/www.hery.fr\/fr\/?s={search_term_string}\"},\"query-input\":{\"@type\":\"PropertyValueSpecification\",\"valueRequired\":true,\"valueName\":\"search_term_string\"}}],\"inLanguage\":\"fr-FR\"}]}<\/script>\n<!-- \/ Yoast SEO plugin. -->","yoast_head_json":{"title":"LABORATOIRES HERY - Laboratoires H\u00e9ry","robots":{"index":"index","follow":"follow","max-snippet":"max-snippet:-1","max-image-preview":"max-image-preview:large","max-video-preview":"max-video-preview:-1"},"canonical":"https:\/\/www.hery.fr\/fr\/laboratoires-hery\/","og_locale":"fr_FR","og_type":"article","og_title":"LABORATOIRES HERY - Laboratoires H\u00e9ry","og_description":"DEPUIS 40 ANS, LA MARQUE H\u00c9RY EST RECONNUE EN TANT QUE SP\u00c9CIALISTE DE L\u2019HYGI\u00c8NE ET DE LA BEAUT\u00c9 ANIMALE HAUT DE GAMME. Nos engagements Les produits d\u02bchygi\u00e8ne et de beaut\u00e9 H\u00e9ry sont tous con\u00e7us sous contr\u00f4le v\u00e9t\u00e9rinaire. Fabriqu\u00e9s, en France, dans des laboratoires cosm\u00e9tiques renomm\u00e9s avec des mati\u00e8res premi\u00e8res de tr\u00e8shaute qualit\u00e9, ils font l\u02bcobjet [&hellip;]","og_url":"https:\/\/www.hery.fr\/fr\/laboratoires-hery\/","og_site_name":"Laboratoires H\u00e9ry","article_modified_time":"2022-03-22T14:41:34+00:00","og_image":[{"url":"https:\/\/www.hery.fr\/fr\/wp-content\/uploads\/2020\/12\/engagements.jpg","type":"","width":"","height":""}],"twitter_card":"summary_large_image","twitter_misc":{"Dur\u00e9e de lecture estim\u00e9e":"1 minute"},"schema":{"@context":"https:\/\/schema.org","@graph":[{"@type":"WebPage","@id":"https:\/\/www.hery.fr\/fr\/laboratoires-hery\/","url":"https:\/\/www.hery.fr\/fr\/laboratoires-hery\/","name":"LABORATOIRES HERY - Laboratoires H\u00e9ry","isPartOf":{"@id":"https:\/\/www.hery.fr\/fr\/#website"},"primaryImageOfPage":{"@id":"https:\/\/www.hery.fr\/fr\/laboratoires-hery\/#primaryimage"},"image":{"@id":"https:\/\/www.hery.fr\/fr\/laboratoires-hery\/#primaryimage"},"thumbnailUrl":"https:\/\/www.hery.fr\/fr\/wp-content\/uploads\/2020\/12\/engagements.jpg","datePublished":"2020-09-07T09:17:56+00:00","dateModified":"2022-03-22T14:41:34+00:00","breadcrumb":{"@id":"https:\/\/www.hery.fr\/fr\/laboratoires-hery\/#breadcrumb"},"inLanguage":"fr-FR","potentialAction":[{"@type":"ReadAction","target":["https:\/\/www.hery.fr\/fr\/laboratoires-hery\/"]}]},{"@type":"ImageObject","inLanguage":"fr-FR","@id":"https:\/\/www.hery.fr\/fr\/laboratoires-hery\/#primaryimage","url":"https:\/\/www.hery.fr\/fr\/wp-content\/uploads\/2020\/12\/engagements.jpg","contentUrl":"https:\/\/www.hery.fr\/fr\/wp-content\/uploads\/2020\/12\/engagements.jpg","width":539,"height":360},{"@type":"BreadcrumbList","@id":"https:\/\/www.hery.fr\/fr\/laboratoires-hery\/#breadcrumb","itemListElement":[{"@type":"ListItem","position":1,"name":"Accueil","item":"https:\/\/www.hery.fr\/fr\/"},{"@type":"ListItem","position":2,"name":"LABORATOIRES HERY"}]},{"@type":"WebSite","@id":"https:\/\/www.hery.fr\/fr\/#website","url":"https:\/\/www.hery.fr\/fr\/","name":"Laboratoires H\u00e9ry","description":"Specialiste de l\u2019hygiene et de la beaute animale depuis plus de 30 ans","potentialAction":[{"@type":"SearchAction","target":{"@type":"EntryPoint","urlTemplate":"https:\/\/www.hery.fr\/fr\/?s={search_term_string}"},"query-input":{"@type":"PropertyValueSpecification","valueRequired":true,"valueName":"search_term_string"}}],"inLanguage":"fr-FR"}]}},"_links":{"self":[{"href":"https:\/\/www.hery.fr\/fr\/wp-json\/wp\/v2\/pages\/5","targetHints":{"allow":["GET"]}}],"collection":[{"href":"https:\/\/www.hery.fr\/fr\/wp-json\/wp\/v2\/pages"}],"about":[{"href":"https:\/\/www.hery.fr\/fr\/wp-json\/wp\/v2\/types\/page"}],"author":[{"embeddable":true,"href":"https:\/\/www.hery.fr\/fr\/wp-json\/wp\/v2\/users\/1"}],"replies":[{"embeddable":true,"href":"https:\/\/www.hery.fr\/fr\/wp-json\/wp\/v2\/comments?post=5"}],"version-history":[{"count":44,"href":"https:\/\/www.hery.fr\/fr\/wp-json\/wp\/v2\/pages\/5\/revisions"}],"predecessor-version":[{"id":5865,"href":"https:\/\/www.hery.fr\/fr\/wp-json\/wp\/v2\/pages\/5\/revisions\/5865"}],"wp:attachment":[{"href":"https:\/\/www.hery.fr\/fr\/wp-json\/wp\/v2\/media?parent=5"}],"curies":[{"name":"wp","href":"https:\/\/api.w.org\/{rel}","templated":true}]}}